{"id":13,"date":"2024-09-30T10:38:40","date_gmt":"2024-09-30T10:38:40","guid":{"rendered":"http:\/\/agervaenget.dk\/index.php\/contact-page\/"},"modified":"2026-03-24T19:24:11","modified_gmt":"2026-03-24T19:24:11","slug":"contact-page","status":"publish","type":"page","link":"http:\/\/agervaenget.dk\/index.php\/contact-page\/","title":{"rendered":"Kontakt"},"content":{"rendered":"\n<div class=\"wp-block-columns is-layout-flex wp-container-core-columns-is-layout-1 wp-block-columns-is-layout-flex\">\n<div class=\"wp-block-column is-layout-flow wp-block-column-is-layout-flow\" style=\"flex-basis:66.66%\">\n<p class=\"has-black-color has-text-color has-link-color wp-elements-8e77f715ae09dd7e19c395d7b27f760b\"><strong>Vi foretr\u00e6kker elektronisk kontakt<\/strong>: <a href=\"mailto:bestyrelsen@agervaenget.dk\">bestyrelsen@agervaenget.dk<\/a>.<\/p>\n<\/div>\n\n\n\n<div class=\"wp-block-column is-layout-flow wp-block-column-is-layout-flow\" style=\"flex-basis:33.33%\"><\/div>\n<\/div>\n\n\n\n<p class=\"has-black-color has-text-color has-link-color wp-elements-57663df9f006c28cfd84a25e0d7f44d9\">Attest\u00e9r venligst i mailens emnelinie, hvis du \u00f8nsker at stile den til en af os helt konkret. Dette g\u00f8res ved f.eks. at skrive &#8220;Att.: formanden&#8221; eller lignende samt en kort overskrift, der specificerer hvad emnet drejer sig om. P\u00e5 den m\u00e5de kan vi lettere og hurtigere sagsbehandle din henvendelse.<\/p>\n\n\n\n<p class=\"has-black-color has-text-color has-link-color wp-elements-15c47250652a62e9de74409be0aaffa0\"><em>Se under <a href=\"http:\/\/agervaenget.dk\/index.php\/organisation\/\" data-type=\"page\" data-id=\"344\">organisation<\/a> og <a href=\"http:\/\/agervaenget.dk\/index.php\/opgaver\/\" data-type=\"page\" data-id=\"348\">ansvar og opgaver<\/a>, for at f\u00e5 indsigt i hvem der sidder i bestyrelsen samt hvem der har ansvar for hvilke ting. <\/em><\/p>\n\n\n\n<p class=\"has-black-color has-text-color has-link-color wp-elements-627d11ca3eb574903cbe14a57778ed95\">Vi kan ogs\u00e5 kontaktes p\u00e5 <strong>telefonnummer 51 93 39 37.<\/strong> <br>V\u00e6r opm\u00e6rksom p\u00e5 at vi ikke har faste arbejds- eller telefontider og det derfor ikke kan garanteres at du f\u00e5r fat i os med det samme. L\u00e6g besked p\u00e5 telefonsvareren og s\u00e5 vender vi tilbage, snarest muligt. <\/p>\n\n\n\n<p class=\"has-black-color has-text-color has-link-color has-large-font-size wp-elements-1cc5e75f45763ff863def7815e45ee75\"><strong>Bem\u00e6rk!<\/strong><\/p>\n\n\n\n<p class=\"has-black-color has-text-color has-link-color has-medium-font-size wp-elements-a79fa616a12b442a1d4d47f828f0aaaa\">Bestyrelsens medlemmer arbejder frivilligt og der kan derfor p\u00e5regnes, <span style=\"text-decoration: underline;\">op til<\/span>, 10 hverdages svartid. <\/p>\n\n\n\n<p class=\"has-black-color has-text-color has-link-color has-medium-font-size wp-elements-b87a2fe35d2839631767fb14a189a0e3\"><strong><span style=\"text-decoration: underline;\">Manglende reaktion:<\/span><\/strong><\/p>\n\n\n\n<p class=\"has-black-color has-text-color has-link-color has-medium-font-size wp-elements-baba0b7e0555d90ddbaaaa58dbcc2b6b\">Reagerer vi ikke p\u00e5 din(e) e-mail(s), kan det skyldes at den\/de er r\u00f8get ind i vores &#8220;spam filter&#8221;. <\/p>\n\n\n\n<p class=\"has-black-color has-text-color has-link-color has-medium-font-size wp-elements-c64580cfdeed09b594ae543c764be1e6\"><strong><span style=\"text-decoration: underline;\">Hvis du er undtaget elektronisk\/digital post:<\/span><\/strong><\/p>\n\n\n\n<p class=\"has-black-color has-text-color has-link-color has-medium-font-size wp-elements-823702e292405b27f927f1885fef6291\">Hvis du ikke har e-mail, hellere vil skrive et brev eller ikke kan f\u00e5 fat i os p\u00e5 e-mail, henviser vi til postkassen p\u00e5 <strong>Agerv\u00e6nget 113<\/strong>. Husk h\u00e9r at skrive dit navn, adresse og kontaktinformationer. <\/p>\n\n\n\n<p class=\"has-black-color has-text-color has-link-color has-medium-font-size wp-elements-7f5d443acf88ed752009f2b33c538275\"><strong><span style=\"text-decoration: underline;\">S\u00e6rligt vigtige situationer:<\/span><\/strong><\/p>\n\n\n\n<p class=\"has-black-color has-text-color has-link-color has-medium-font-size wp-elements-af71a513a38223109af6eb0df28dbd86\">I <strong>meget\/s\u00e6rligt vigtige<\/strong> situationer, eller efter indg\u00e5et aftale herom, er det okay at banke p\u00e5 d\u00f8ren p\u00e5 ovenn\u00e6vnte adresse, i hverdagen ml. kl. 9 og kl. 18, men <strong>ikke <\/strong>i weekender eller p\u00e5 helligdage.  <\/p>\n","protected":false},"excerpt":{"rendered":"<p>Vi foretr\u00e6kker elektronisk kontakt: bestyrelsen@agervaenget.dk. Attest\u00e9r venligst i mailens emnelinie, hvis du \u00f8nsker at stile den til en af os helt konkret. Dette g\u00f8res ved f.eks. at skrive &#8220;Att.: formanden&#8221; eller lignende samt en kort overskrift, der specificerer hvad emnet drejer sig om. P\u00e5 den m\u00e5de kan vi lettere og hurtigere sagsbehandle din henvendelse. Se [&hellip;]<\/p>\n","protected":false},"author":3,"featured_media":0,"parent":0,"menu_order":0,"comment_status":"closed","ping_status":"closed","template":"template-plain","meta":{"ngg_post_thumbnail":0,"_themeisle_gutenberg_block_has_review":false,"footnotes":""},"class_list":["post-13","page","type-page","status-publish","hentry"],"_links":{"self":[{"href":"http:\/\/agervaenget.dk\/index.php\/wp-json\/wp\/v2\/pages\/13"}],"collection":[{"href":"http:\/\/agervaenget.dk\/index.php\/wp-json\/wp\/v2\/pages"}],"about":[{"href":"http:\/\/agervaenget.dk\/index.php\/wp-json\/wp\/v2\/types\/page"}],"author":[{"embeddable":true,"href":"http:\/\/agervaenget.dk\/index.php\/wp-json\/wp\/v2\/users\/3"}],"replies":[{"embeddable":true,"href":"http:\/\/agervaenget.dk\/index.php\/wp-json\/wp\/v2\/comments?post=13"}],"version-history":[{"count":50,"href":"http:\/\/agervaenget.dk\/index.php\/wp-json\/wp\/v2\/pages\/13\/revisions"}],"predecessor-version":[{"id":1032,"href":"http:\/\/agervaenget.dk\/index.php\/wp-json\/wp\/v2\/pages\/13\/revisions\/1032"}],"wp:attachment":[{"href":"http:\/\/agervaenget.dk\/index.php\/wp-json\/wp\/v2\/media?parent=13"}],"curies":[{"name":"wp","href":"https:\/\/api.w.org\/{rel}","templated":true}]}}