{"id":133,"date":"2024-10-01T12:33:40","date_gmt":"2024-10-01T12:33:40","guid":{"rendered":"http:\/\/agervaenget.dk\/?page_id=133"},"modified":"2026-03-26T17:01:22","modified_gmt":"2026-03-26T17:01:22","slug":"om-grundejerforeningen","status":"publish","type":"page","link":"http:\/\/agervaenget.dk\/index.php\/om-grundejerforeningen\/","title":{"rendered":"Grundejerforeningen"},"content":{"rendered":"\n<div id=\"wp-block-themeisle-blocks-advanced-columns-7cec19a0\" class=\"wp-block-themeisle-blocks-advanced-columns has-2-columns has-desktop-equal-layout has-tablet-equal-layout has-mobile-collapsedRows-layout has-vertical-unset\"><div class=\"wp-block-themeisle-blocks-advanced-columns-overlay\"><\/div><div class=\"innerblocks-wrap\">\n<div id=\"wp-block-themeisle-blocks-advanced-column-25f32927\" class=\"wp-block-themeisle-blocks-advanced-column\">\n<figure class=\"wp-block-image size-full is-resized\"><img loading=\"lazy\" decoding=\"async\" width=\"989\" height=\"812\" src=\"http:\/\/agervaenget.dk\/wp-content\/uploads\/2025\/11\/image.png\" alt=\"\" class=\"wp-image-662\" style=\"width:417px;height:auto\" srcset=\"http:\/\/agervaenget.dk\/wp-content\/uploads\/2025\/11\/image.png 989w, http:\/\/agervaenget.dk\/wp-content\/uploads\/2025\/11\/image-300x246.png 300w, http:\/\/agervaenget.dk\/wp-content\/uploads\/2025\/11\/image-768x631.png 768w\" sizes=\"(max-width: 989px) 100vw, 989px\" \/><\/figure>\n<\/div>\n\n\n\n<div id=\"wp-block-themeisle-blocks-advanced-column-6894cc2c\" class=\"wp-block-themeisle-blocks-advanced-column\">\n<p class=\"has-text-align-left\"> Navnet Agerv\u00e6nget kommer fra udstykningen af \u201cAgerg\u00e5rden\u201d p\u00e5begyndt i 1967. <br>Grundejerforeningen Agerv\u00e6nget blev dog f\u00f8rst etableret i 1970. <\/p>\n\n\n\n<p class=\"has-text-align-left\">Agerv\u00e6nget ligger p\u00e5 hver sin side af Agerg\u00e5rdsvej og omfatter parcellerne 1 til 138.Fire af disse er sl\u00e5et sammen til \u00e9t stort og best\u00e5r af 9 tov\u00e6relses \u00e6ldreboliger p\u00e5 hver 67 m\u00b2. Disse udlejes af <a href=\"https:\/\/holbaek.dk\/service-og-selvbetjening\/aeldre-og-pensionister\/boliger-og-centre\/aeldre-og-plejeboliger\/aeldreboliger\"><mark style=\"background-color:rgba(0, 0, 0, 0)\" class=\"has-inline-color has-contrast-color\"><span style=\"text-decoration: underline;\">Holb\u00e6k Kommune<\/span><\/mark><\/a>, som ogs\u00e5 har anvisningsretten hertil. Kontakt Visitationen, for at at unders\u00f8ge muligheden for at komme i betragtning hertil.<\/p>\n<\/div>\n<\/div><\/div>\n\n\n\n<p><mark style=\"background-color:rgba(0, 0, 0, 0);color:#000000\" class=\"has-inline-color\">Agerv\u00e6nget er et <strong>roligt samt familie- og dyrevenligt kvarter<\/strong>, med plads til b\u00e5de bio-, etnisk og kulturel diversitet, handicap, privat- og socialliv samt et vink, smil eller en sludder over h\u00e6kken. <br>Her er enkefolk, enlige, par samt familier med f\u00e5 eller mange b\u00f8rn. Desuden er der aldersm\u00e6ssigt et stort sp\u00e6nd mellem grundejerne. <br>Nogle har boet her siden grundejerforeningens sp\u00e6de begyndelse, andre er lige flyttet ind. <br>P\u00e5 fodboldbanen, ved vandv\u00e6rket, er der liv og glade dage, n\u00e5r b\u00f8rn og voksne boltrer sig.<\/mark><\/p>\n\n\n\n<p><mark style=\"background-color:rgba(0, 0, 0, 0);color:#000000\" class=\"has-inline-color\"><strong>Hvert \u00e5r <\/strong>afholdes \u00e9n \u00e5rlig generalforsamling, <span style=\"text-decoration: underline;\">inden<\/span> uge 10, i overensstemmelse med foreningens vedt\u00e6gter. <br>Der kan dog i sj\u00e6ldne tilf\u00e6lde, indkaldes til ekstraordin\u00e6r generalforsamling. H\u00e9r kan udelukkende behandles d\u00e9t emne, der er \u00e5rsag til den ekstraordin\u00e6re indkaldelse og samling. Man kan derfor hverken stille sp\u00f8rgsm\u00e5l\/forslag til eller diskutere andre emner.<\/mark><\/p>\n\n\n\n<p class=\"has-text-align-left\"><mark style=\"background-color:rgba(0, 0, 0, 0);color:#000000\" class=\"has-inline-color\">Grundejerforeningen er medlem af <a href=\"https:\/\/www.parcelhus.dk\/portal\/Tilbage%20til%20forside\/\">Parcelhusejernes Landsforening<\/a> (ofte omtalt PL). Dette er valgt af 2 forskellige \u00e5rsager. <\/mark><br><br><mark style=\"background-color:rgba(0, 0, 0, 0);color:#000000\" class=\"has-inline-color\">1. Fordi vi derved har mulighed for at deltage i en gruppeforsikringsordning, som giver os de forsikringer, vi mener er n\u00f8dvendige, og til en v\u00e6sentlig billigere pris, end hvis vi skulle tegne disse enkeltvis. <\/mark><br><br><mark style=\"background-color:rgba(0, 0, 0, 0);color:#000000\" class=\"has-inline-color\">2. Det giver <strong>b\u00e5de<\/strong> bestyrelsen og den enkelte parcel-\/grundejer adgang til <strong>gratis r\u00e5dgivning<\/strong> (inden for visse rammer og betingelser). <\/mark><\/p>\n\n\n\n<p class=\"has-text-align-left\"><mark style=\"background-color:rgba(0, 0, 0, 0);color:#000000\" class=\"has-inline-color\">\u201cBonussen\u201d, om man vil, er at alle medlemmer, personligt og kvartalsvis, modtager et eksemplar af PL\u2019s <a href=\"https:\/\/www.parcelhus.dk\/portal\/Tilbage%20til%20forside\/Mit%20Hus\/\">medlemsblad<\/a>, hvori man kan finde information om omst\u00e6ndigheder, pligter og ansvar ved at v\u00e6re parcelhusejer.<\/mark><\/p>\n\n\n\n<p><mark style=\"background-color:rgba(0, 0, 0, 0);color:#000000\" class=\"has-inline-color\">Det <strong>sociale samv\u00e6r i foreningen\/kvartere<\/strong>t er h\u00e5ber vi at kunne bygge op og vi h\u00e5ber p\u00e5, med tiden, at kunne stable noget mere socialt p\u00e5 benene og f\u00e5 genetableret nogle af de begivenheder, som vi ved her f\u00f8rhen her v\u00e6ret &#8211; f.eks. vej-\/sommerfester eller lignende. <\/mark><\/p>\n","protected":false},"excerpt":{"rendered":"<p>Agerv\u00e6nget er et roligt samt familie- og dyrevenligt kvarter, med plads til b\u00e5de bio-, etnisk og kulturel diversitet, handicap, privat- og socialliv samt et vink, smil eller en sludder over h\u00e6kken. Her er enkefolk, enlige, par samt familier med f\u00e5 eller mange b\u00f8rn. Desuden er der aldersm\u00e6ssigt et stort sp\u00e6nd mellem grundejerne. Nogle har boet [&hellip;]<\/p>\n","protected":false},"author":3,"featured_media":0,"parent":0,"menu_order":0,"comment_status":"closed","ping_status":"closed","template":"","meta":{"ngg_post_thumbnail":0,"_themeisle_gutenberg_block_has_review":false,"footnotes":""},"class_list":["post-133","page","type-page","status-publish","hentry"],"_links":{"self":[{"href":"http:\/\/agervaenget.dk\/index.php\/wp-json\/wp\/v2\/pages\/133"}],"collection":[{"href":"http:\/\/agervaenget.dk\/index.php\/wp-json\/wp\/v2\/pages"}],"about":[{"href":"http:\/\/agervaenget.dk\/index.php\/wp-json\/wp\/v2\/types\/page"}],"author":[{"embeddable":true,"href":"http:\/\/agervaenget.dk\/index.php\/wp-json\/wp\/v2\/users\/3"}],"replies":[{"embeddable":true,"href":"http:\/\/agervaenget.dk\/index.php\/wp-json\/wp\/v2\/comments?post=133"}],"version-history":[{"count":19,"href":"http:\/\/agervaenget.dk\/index.php\/wp-json\/wp\/v2\/pages\/133\/revisions"}],"predecessor-version":[{"id":1036,"href":"http:\/\/agervaenget.dk\/index.php\/wp-json\/wp\/v2\/pages\/133\/revisions\/1036"}],"wp:attachment":[{"href":"http:\/\/agervaenget.dk\/index.php\/wp-json\/wp\/v2\/media?parent=133"}],"curies":[{"name":"wp","href":"https:\/\/api.w.org\/{rel}","templated":true}]}}