{"id":30,"date":"2024-09-30T14:43:45","date_gmt":"2024-09-30T14:43:45","guid":{"rendered":"http:\/\/agervaenget.dk\/?page_id=30"},"modified":"2026-02-16T13:18:28","modified_gmt":"2026-02-16T13:18:28","slug":"parkering","status":"publish","type":"page","link":"http:\/\/agervaenget.dk\/index.php\/om-grundejerforeningen\/parkering\/","title":{"rendered":"Parkering"},"content":{"rendered":"\n<p><mark style=\"background-color:rgba(0, 0, 0, 0);color:#000000\" class=\"has-inline-color\">Parkering er ofte et debatemne<\/mark> <mark style=\"background-color:rgba(0, 0, 0, 0);color:#000000\" class=\"has-inline-color\">og vi har alle forskellige opfattelser af, hvad der er \u201cret og rimeligt\u201d.<\/mark><\/p>\n\n\n\n<p><mark style=\"background-color:rgba(0, 0, 0, 0);color:#000000\" class=\"has-inline-color\">I sidste ende er det ikke grundejerforeningen, der hverken fasts\u00e6tter eller h\u00e5ndh\u00e6ver parkeringsreglerne. Overtr\u00e6delse af parkeringsregler er en sag for politiet, ofte efter henvendelse fra kommunen.<\/mark><\/p>\n\n\n\n<p><mark style=\"background-color:rgba(0, 0, 0, 0);color:#000000\" class=\"has-inline-color\">Vi m\u00e5 antage, at alle kender de almindelige regler for parkering, i henhold til f\u00e6rdselsloven. <\/mark><br><mark style=\"background-color:rgba(0, 0, 0, 0);color:#000000\" class=\"has-inline-color\">Dog er det nok de f\u00e6rreste, der er opm\u00e6rksomme p\u00e5 de lokale regler, fastsat af bop\u00e6lskommunen. <\/mark><br><mark style=\"background-color:rgba(0, 0, 0, 0);color:#000000\" class=\"has-inline-color\">Disse regler er fastsat i en\u00a0<strong>bekendtg\u00f8relse<\/strong>\u00a0fra Holb\u00e6k kommune og er g\u00e6ldende lovgivning \u2013 hvilken supplerer f\u00e6rdselsloven.<\/mark><\/p>\n\n\n\n<div class=\"wp-block-columns is-layout-flex wp-container-core-columns-is-layout-1 wp-block-columns-is-layout-flex\">\n<div class=\"wp-block-column is-layout-flow wp-block-column-is-layout-flow\" style=\"flex-basis:66.66%\">\n<figure class=\"wp-block-image size-large\"><img loading=\"lazy\" decoding=\"async\" width=\"1024\" height=\"683\" src=\"http:\/\/agervaenget.dk\/wp-content\/uploads\/2025\/12\/IMG_7363-1024x683.jpg\" alt=\"\" class=\"wp-image-452\" srcset=\"http:\/\/agervaenget.dk\/wp-content\/uploads\/2025\/12\/IMG_7363-1024x683.jpg 1024w, http:\/\/agervaenget.dk\/wp-content\/uploads\/2025\/12\/IMG_7363-300x200.jpg 300w, http:\/\/agervaenget.dk\/wp-content\/uploads\/2025\/12\/IMG_7363-768x512.jpg 768w, http:\/\/agervaenget.dk\/wp-content\/uploads\/2025\/12\/IMG_7363-1536x1024.jpg 1536w, http:\/\/agervaenget.dk\/wp-content\/uploads\/2025\/12\/IMG_7363-2048x1365.jpg 2048w\" sizes=\"(max-width: 1024px) 100vw, 1024px\" \/><\/figure>\n<\/div>\n\n\n\n<div class=\"wp-block-column is-layout-flow wp-block-column-is-layout-flow\" style=\"flex-basis:33.33%\">\n<figure class=\"wp-block-image size-large\"><img loading=\"lazy\" decoding=\"async\" width=\"1920\" height=\"2560\" src=\"http:\/\/agervaenget.dk\/wp-content\/uploads\/2026\/01\/IMG_7366-edited-1-scaled.jpg\" alt=\"\" class=\"wp-image-623\" srcset=\"http:\/\/agervaenget.dk\/wp-content\/uploads\/2026\/01\/IMG_7366-edited-1-scaled.jpg 1920w, http:\/\/agervaenget.dk\/wp-content\/uploads\/2026\/01\/IMG_7366-edited-1-225x300.jpg 225w, http:\/\/agervaenget.dk\/wp-content\/uploads\/2026\/01\/IMG_7366-edited-1-768x1024.jpg 768w, http:\/\/agervaenget.dk\/wp-content\/uploads\/2026\/01\/IMG_7366-edited-1-1152x1536.jpg 1152w, http:\/\/agervaenget.dk\/wp-content\/uploads\/2026\/01\/IMG_7366-edited-1-1536x2048.jpg 1536w\" sizes=\"(max-width: 1920px) 100vw, 1920px\" \/><\/figure>\n<\/div>\n<\/div>\n\n\n\n<p><strong><mark style=\"background-color:rgba(0, 0, 0, 0);color:#000000\" class=\"has-inline-color\">Andre k\u00f8ret\u00f8jer<\/mark><\/strong><\/p>\n\n\n\n<p><mark style=\"background-color:rgba(0, 0, 0, 0);color:#000000\" class=\"has-inline-color\">I bekendtg\u00f8relsen om standsning og parkering, fra Holb\u00e6k kommune, er det eksempelvis fastsat, at busser og lastbiler med en totalv\u00e6gt over p\u00e5 3.500 kg, p\u00e5h\u00e6ngsvogne, trailere, traktorer samt ubrugbare k\u00f8ret\u00f8jer o.l. <strong>ikke<\/strong> m\u00e5 parkeres p\u00e5 parkeringspladserne eller vejene, inden for grundejerforeningen. <\/mark><br><mark style=\"background-color:rgba(0, 0, 0, 0);color:#000000\" class=\"has-inline-color\">Dog m\u00e5 campingvogne parkeres, <span style=\"text-decoration: underline;\">for klarg\u00f8ring<\/span>, i op til 24 timer.<\/mark><\/p>\n\n\n\n<p><strong><mark style=\"background-color:rgba(0, 0, 0, 0);color:#000000\" class=\"has-inline-color\">Parkering p\u00e5 parcellerne <\/mark><\/strong><\/p>\n\n\n\n<p><mark style=\"background-color:rgba(0, 0, 0, 0);color:#000000\" class=\"has-inline-color\">Af <a href=\"http:\/\/agervaenget.dk\/index.php\/dokument-database\/\" data-type=\"page\" data-id=\"366\">deklarationen<\/a>\u00a0fremg\u00e5r det desuden, at <strong><span style=\"text-decoration: underline;\">hver<\/span> parcel skal v\u00e6re indrettet til <span style=\"text-decoration: underline;\">mindst<\/span> 2 k\u00f8ret\u00f8jer<\/strong>. <\/mark><br><mark style=\"background-color:rgba(0, 0, 0, 0);color:#000000\" class=\"has-inline-color\">Hensigten hermed er at <strong>private k\u00f8ret\u00f8jer, af enhver art, skal parkeres p\u00e5 egen parcel<\/strong>.<\/mark><\/p>\n\n\n\n<figure class=\"wp-block-image size-large\"><img loading=\"lazy\" decoding=\"async\" width=\"1024\" height=\"147\" src=\"http:\/\/agervaenget.dk\/wp-content\/uploads\/2026\/02\/image-1024x147.png\" alt=\"\" class=\"wp-image-897\" srcset=\"http:\/\/agervaenget.dk\/wp-content\/uploads\/2026\/02\/image-1024x147.png 1024w, http:\/\/agervaenget.dk\/wp-content\/uploads\/2026\/02\/image-300x43.png 300w, http:\/\/agervaenget.dk\/wp-content\/uploads\/2026\/02\/image-768x110.png 768w, http:\/\/agervaenget.dk\/wp-content\/uploads\/2026\/02\/image.png 1037w\" sizes=\"(max-width: 1024px) 100vw, 1024px\" \/><\/figure>\n\n\n\n<p><mark style=\"background-color:rgba(0, 0, 0, 0);color:#000000\" class=\"has-inline-color\">Dette er ogs\u00e5 baggrunden for grundejerforeningens&nbsp;forvaltningsbestemmelser&nbsp;stk. 2.2.:<\/mark><\/p>\n\n\n\n<p><em><mark style=\"background-color:rgba(0, 0, 0, 0);color:#000000\" class=\"has-inline-color\">\u201cParkering af medlemmernes biler b\u00f8r ske p\u00e5 egen parcel, hvor deklarationen foreskriver parkeringsplads for mindste 2 biler. Langtidsparkering p\u00e5 vejene, specielt af st\u00f8rre k\u00f8ret\u00f8jer b\u00f8r undg\u00e5s. Medlemmerne skal aktivt medvirke til at udsyn fra typiske opholdsarealer som eksempelvis opholdsstuer, udestuer og terrasser ikke generes af midlertidigt parkerede k\u00f8ret\u00f8jer eller at s\u00e5danne parkeringer vanskeligg\u00f8r ind- og udpassage fra parcellerne\u201d.<\/mark><\/em><\/p>\n\n\n\n<p><mark style=\"background-color:rgba(0, 0, 0, 0);color:#000000\" class=\"has-inline-color\">Uanset hvilken holdning vi, hver is\u00e6r, har til sp\u00f8rgsm\u00e5l om parkering, kommer vi ikke uden om at sund fornuft og hensyntagen til hinanden, ogs\u00e5 i forhold til den almindelige \u201cherlighedsv\u00e6rdi\u201d, er et godt udgangspunkt i dagligdagen.<\/mark><\/p>\n\n\n\n<p><strong><mark style=\"background-color:rgba(0, 0, 0, 0);color:#000000\" class=\"has-inline-color\">Tag hensyn \u2013 parker p\u00e5 egen parcel!<\/mark><\/strong><\/p>\n\n\n\n<p><strong><mark style=\"background-color:rgba(0, 0, 0, 0);color:#000000\" class=\"has-inline-color\">Brug parkeringspladserne til g\u00e6steparkering, hold udsyn \u00e5ben p\u00e5 vejene og t\u00e6nk over at din nabo eller genbo hellere ser p\u00e5 gr\u00f8n beplantning end p\u00e5 din bil\/jeres biler!<\/mark><\/strong><\/p>\n","protected":false},"excerpt":{"rendered":"<p>Parkering er ofte et debatemne og vi har alle forskellige opfattelser af, hvad der er \u201cret og rimeligt\u201d. I sidste ende er det ikke grundejerforeningen, der hverken fasts\u00e6tter eller h\u00e5ndh\u00e6ver parkeringsreglerne. Overtr\u00e6delse af parkeringsregler er en sag for politiet, ofte efter henvendelse fra kommunen. Vi m\u00e5 antage, at alle kender de almindelige regler for parkering, [&hellip;]<\/p>\n","protected":false},"author":3,"featured_media":0,"parent":133,"menu_order":0,"comment_status":"closed","ping_status":"closed","template":"","meta":{"ngg_post_thumbnail":0,"_themeisle_gutenberg_block_has_review":false,"footnotes":""},"class_list":["post-30","page","type-page","status-publish","hentry"],"_links":{"self":[{"href":"http:\/\/agervaenget.dk\/index.php\/wp-json\/wp\/v2\/pages\/30"}],"collection":[{"href":"http:\/\/agervaenget.dk\/index.php\/wp-json\/wp\/v2\/pages"}],"about":[{"href":"http:\/\/agervaenget.dk\/index.php\/wp-json\/wp\/v2\/types\/page"}],"author":[{"embeddable":true,"href":"http:\/\/agervaenget.dk\/index.php\/wp-json\/wp\/v2\/users\/3"}],"replies":[{"embeddable":true,"href":"http:\/\/agervaenget.dk\/index.php\/wp-json\/wp\/v2\/comments?post=30"}],"version-history":[{"count":5,"href":"http:\/\/agervaenget.dk\/index.php\/wp-json\/wp\/v2\/pages\/30\/revisions"}],"predecessor-version":[{"id":925,"href":"http:\/\/agervaenget.dk\/index.php\/wp-json\/wp\/v2\/pages\/30\/revisions\/925"}],"up":[{"embeddable":true,"href":"http:\/\/agervaenget.dk\/index.php\/wp-json\/wp\/v2\/pages\/133"}],"wp:attachment":[{"href":"http:\/\/agervaenget.dk\/index.php\/wp-json\/wp\/v2\/media?parent=30"}],"curies":[{"name":"wp","href":"https:\/\/api.w.org\/{rel}","templated":true}]}}