{"id":338,"date":"2025-12-25T11:58:57","date_gmt":"2025-12-25T11:58:57","guid":{"rendered":"http:\/\/agervaenget.dk\/?page_id=338"},"modified":"2026-02-16T14:18:31","modified_gmt":"2026-02-16T14:18:31","slug":"samarbejdspartnere","status":"publish","type":"page","link":"http:\/\/agervaenget.dk\/index.php\/samarbejdspartnere\/","title":{"rendered":"Samarbejdspartnere"},"content":{"rendered":"\n<p><\/p>\n\n\n\n<div class=\"wp-block-columns is-layout-flex wp-container-core-columns-is-layout-1 wp-block-columns-is-layout-flex\">\n<div class=\"wp-block-column is-layout-flow wp-block-column-is-layout-flow\" style=\"flex-basis:33.33%\">\n<figure class=\"wp-block-image size-full\"><img loading=\"lazy\" decoding=\"async\" width=\"432\" height=\"443\" src=\"http:\/\/agervaenget.dk\/wp-content\/uploads\/2026\/02\/download-1.jpg\" alt=\"\" class=\"wp-image-712\" srcset=\"http:\/\/agervaenget.dk\/wp-content\/uploads\/2026\/02\/download-1.jpg 432w, http:\/\/agervaenget.dk\/wp-content\/uploads\/2026\/02\/download-1-293x300.jpg 293w\" sizes=\"(max-width: 432px) 100vw, 432px\" \/><\/figure>\n<\/div>\n\n\n\n<div class=\"wp-block-column is-layout-flow wp-block-column-is-layout-flow\" style=\"flex-basis:66.66%\">\n<p><mark style=\"background-color:rgba(0, 0, 0, 0);color:#000000\" class=\"has-inline-color\">Bestyrelsen samarbejder med:<\/mark><\/p>\n\n\n\n<p><mark style=\"background-color:rgba(0, 0, 0, 0);color:#000000\" class=\"has-inline-color\">En ekstern<\/mark><strong> IT-specialist<\/strong>, <mark style=\"background-color:rgba(0, 0, 0, 0);color:#000000\" class=\"has-inline-color\">fra det n\u00e6re lokalomr\u00e5de, som h\u00e5ndterer vores dom\u00e6ne <em>agervaenget.dk<\/em>.<\/mark><\/p>\n\n\n\n<p><mark style=\"background-color:rgba(0, 0, 0, 0);color:#000000\" class=\"has-inline-color\">En lokal <\/mark><strong>bogholder<\/strong> <mark style=\"background-color:rgba(0, 0, 0, 0);color:#000000\" class=\"has-inline-color\">der, vha. bankudskrifter og bilag, udarbejder vores regnskab.<\/mark><\/p>\n\n\n\n<p><mark style=\"background-color:rgba(0, 0, 0, 0);color:#000000\" class=\"has-inline-color\">En <\/mark><strong>servicevirksomhed,<\/strong> <mark style=\"background-color:rgba(0, 0, 0, 0);color:#000000\" class=\"has-inline-color\">fra en af nabokommunerne, som sl\u00e5r vores gr\u00e6sarealer samt t\u00f8mmer og vedligeholder vores affaldsspande p\u00e5 f\u00e6llesomr\u00e5derne. <\/mark><\/p>\n\n\n\n<p><mark style=\"background-color:rgba(0, 0, 0, 0);color:#000000\" class=\"has-inline-color\">Desuden er vi <\/mark><strong>medlem af samt forsikret hos <a href=\"https:\/\/www.parcelhus.dk\/portal\/Tilbage%20til%20forside\/\">Parcelhusejernes Landsforening<\/a><mark style=\"background-color:rgba(0, 0, 0, 0);color:#000000\" class=\"has-inline-color\">,<\/mark><\/strong><mark style=\"background-color:rgba(0, 0, 0, 0);color:#000000\" class=\"has-inline-color\"> der s\u00f8ger at varetage grundejerforeningens samt parcelhusejernes interesser. Parcelhusejernes Landsforening er den eneste forening af sin art, p\u00e5 landsplan.<\/mark><br><\/p>\n<\/div>\n<\/div>\n","protected":false},"excerpt":{"rendered":"<p>Bestyrelsen samarbejder med: En ekstern IT-specialist, fra det n\u00e6re lokalomr\u00e5de, som h\u00e5ndterer vores dom\u00e6ne agervaenget.dk. En lokal bogholder der, vha. bankudskrifter og bilag, udarbejder vores regnskab. En servicevirksomhed, fra en af nabokommunerne, som sl\u00e5r vores gr\u00e6sarealer samt t\u00f8mmer og vedligeholder vores affaldsspande p\u00e5 f\u00e6llesomr\u00e5derne. Desuden er vi medlem af samt forsikret hos Parcelhusejernes Landsforening, der [&hellip;]<\/p>\n","protected":false},"author":3,"featured_media":0,"parent":0,"menu_order":0,"comment_status":"closed","ping_status":"closed","template":"","meta":{"ngg_post_thumbnail":0,"_themeisle_gutenberg_block_has_review":false,"footnotes":""},"class_list":["post-338","page","type-page","status-publish","hentry"],"_links":{"self":[{"href":"http:\/\/agervaenget.dk\/index.php\/wp-json\/wp\/v2\/pages\/338"}],"collection":[{"href":"http:\/\/agervaenget.dk\/index.php\/wp-json\/wp\/v2\/pages"}],"about":[{"href":"http:\/\/agervaenget.dk\/index.php\/wp-json\/wp\/v2\/types\/page"}],"author":[{"embeddable":true,"href":"http:\/\/agervaenget.dk\/index.php\/wp-json\/wp\/v2\/users\/3"}],"replies":[{"embeddable":true,"href":"http:\/\/agervaenget.dk\/index.php\/wp-json\/wp\/v2\/comments?post=338"}],"version-history":[{"count":8,"href":"http:\/\/agervaenget.dk\/index.php\/wp-json\/wp\/v2\/pages\/338\/revisions"}],"predecessor-version":[{"id":941,"href":"http:\/\/agervaenget.dk\/index.php\/wp-json\/wp\/v2\/pages\/338\/revisions\/941"}],"wp:attachment":[{"href":"http:\/\/agervaenget.dk\/index.php\/wp-json\/wp\/v2\/media?parent=338"}],"curies":[{"name":"wp","href":"https:\/\/api.w.org\/{rel}","templated":true}]}}