{"id":344,"date":"2025-12-25T11:58:44","date_gmt":"2025-12-25T11:58:44","guid":{"rendered":"http:\/\/agervaenget.dk\/?page_id=344"},"modified":"2026-02-16T13:54:17","modified_gmt":"2026-02-16T13:54:17","slug":"organisation","status":"publish","type":"page","link":"http:\/\/agervaenget.dk\/index.php\/organisation\/","title":{"rendered":"Organisation"},"content":{"rendered":"\n<table id=\"tablepress-1\" class=\"tablepress tablepress-id-1\">\n<thead>\n<tr class=\"row-1\">\n\t<th class=\"column-1\">Bestyrelsestitel<\/th><th class=\"column-2\">Navn<\/th>\n<\/tr>\n<\/thead>\n<tbody class=\"row-striping row-hover\">\n<tr class=\"row-2\">\n\t<td class=\"column-1\">Formand<\/td><td class=\"column-2\">Helene<\/td>\n<\/tr>\n<tr class=\"row-3\">\n\t<td class=\"column-1\">N\u00e6stformand (best.medl. 1)<\/td><td class=\"column-2\">Nicolai<\/td>\n<\/tr>\n<tr class=\"row-4\">\n\t<td class=\"column-1\">F\u00e6llesomr\u00e5deansvarlig (best.medl. 2)<\/td><td class=\"column-2\">Glen<\/td>\n<\/tr>\n<tr class=\"row-5\">\n\t<td class=\"column-1\">Kasserer<\/td><td class=\"column-2\">Casper<\/td>\n<\/tr>\n<tr class=\"row-6\">\n\t<td class=\"column-1\">Suppleant<\/td><td class=\"column-2\">Allan<\/td>\n<\/tr>\n<tr class=\"row-7\">\n\t<td class=\"column-1\"><strong>Udenfor bestyrelsen<\/strong><\/td><td class=\"column-2\"><\/td>\n<\/tr>\n<tr class=\"row-8\">\n\t<td class=\"column-1\">Revisor<\/td><td class=\"column-2\">Bjarne<\/td>\n<\/tr>\n<tr class=\"row-9\">\n\t<td class=\"column-1\">Revisorsuppleant<\/td><td class=\"column-2\">Michael<\/td>\n<\/tr>\n<\/tbody>\n<\/table>\n<!-- #tablepress-1 from cache -->\n\n\n\n<p><mark style=\"background-color:rgba(0, 0, 0, 0);color:#000000\" class=\"has-inline-color\">Jf. senest godkendte <a href=\"http:\/\/agervaenget.dk\/index.php\/dokument-database\/\" data-type=\"page\" data-id=\"366\">vedt\u00e6gter<\/a> varetages foreningens daglige ledelse af en formand, en kasserer, to bestyrelsesmedlemmer samt en suppleant &#8211; alle direkte udpeget af generalforsamlingen og dermed grundejerforeningens medlemmer.    <br><br><strong>Bestyrelsen<\/strong> samt \u00e9n suppleant v\u00e6lges blandt grundejerforeningens medlemmer. <\/mark><br><mark style=\"background-color:rgba(0, 0, 0, 0);color:#000000\" class=\"has-inline-color\">Alle v\u00e6lges for 2 \u00e5r ad gangen, p\u00e5 den ordin\u00e6re generalforsamling.<br><\/mark><br><mark style=\"background-color:rgba(0, 0, 0, 0);color:#000000\" class=\"has-inline-color\"><span style=\"text-decoration: underline;\">I lige \u00e5r<\/span> er <strong>formanden<\/strong>, <strong>bestyrelsesmedlem 1. <\/strong>samt <strong>suppleanten<\/strong> p\u00e5 valg. <br><\/mark><br><mark style=\"background-color:rgba(0, 0, 0, 0);color:#000000\" class=\"has-inline-color\"><span style=\"text-decoration: underline;\">I ulige \u00e5r<\/span> er <strong>kassereren<\/strong> og <strong>bestyrelsesmedlem 2.<\/strong> p\u00e5 valg. <br><\/mark><br><mark style=\"background-color:rgba(0, 0, 0, 0);color:#000000\" class=\"has-inline-color\"><span style=\"text-decoration: underline;\">Hvert \u00e5r<\/span> er <strong>revisoren<\/strong> samt <strong>revisorsuppleanten<\/strong> p\u00e5 valg. Disse er dog ikke siddende bestyrelsesmedlemmer.<br><\/mark><br><mark style=\"background-color:rgba(0, 0, 0, 0);color:#000000\" class=\"has-inline-color\">Genvalg er tilladt for alle de ovenn\u00e6vnte og der er ingen regler for, hvor mange gange man stiller til genvalg. <br><br>P\u00e5 f\u00f8rstkommende bestyrelsesm\u00f8de, efter grundejerforeningens ordin\u00e6re generalforsamling, konstituerer bestyrelsen sig selv i fht. opgaver og ansvar. H\u00e9r v\u00e6lges hhv. n\u00e6stformanden samt de \u00f8vrige ansvarlige blandt bestyrelsens medlemmer. <\/mark><\/p>\n\n\n\n<p class=\"has-black-color has-text-color has-link-color wp-elements-d177797784cad7103a919e4e65a69ccd\"><strong>(For)m\u00e5l<\/strong><br>Bestyrelsens form\u00e5l er at handle i overensstemmelse med foreningens fremsatte vedt\u00e6gter samt generalforsamlingens beslutninger.\u00a0<br>Det er m\u00e5let i ethvert henseende, b\u00e5de som forening og som bestyrelse, at g\u00e5 dialogens vej. <br>Det \u00f8nskes, s\u00e5 vidt muligt, at orientere\/informere fremfor at benytte officiel h\u00e5ndh\u00e6velse, da det er bestyrelsens overbevisning, at man kommer l\u00e6ngst med en konstruktiv dialog og et sagligt samarbejde.<\/p>\n\n\n\n<p class=\"has-text-align-left has-black-color has-text-color has-link-color wp-elements-944ba5837a04c512972845cc464c3a93\"><strong>Pligt<\/strong><br>Bestyrelsen har pligt til at handle hurtigt i akutte situationer samt til at ud\u00f8ve egenkontrol af, hvorvidt foreningen overholder de g\u00e6ldende love og regler, b\u00e5de i forbindelse med omtalte love og regler, men ogs\u00e5 i forbindelse med den daglige drift. Dette sker med henblik p\u00e5 foreningens eget ansvar for udbedring af evt. fejl, mangler og fors\u00f8mmelser.\u00a0<br><br><strong>Restriktive forhold<\/strong><br>Bestyrelsen kan tr\u00e6ffe beslutninger om l\u00f8bende drift, <span style=\"text-decoration: underline;\">hvis<\/span> disse ligger inden for foreningens godkendte budget og hvis det ikke er noget, der \u00e6ndrer foreningens grundl\u00e6ggende forhold. <br>Bestyrelsen skal <span style=\"text-decoration: underline;\">altid<\/span> have generalforsamlingens godkendelse til st\u00f8rre beslutninger, <br>som kan medf\u00f8re optagelse af l\u00e5n eller ekstraordin\u00e6re opkr\u00e6vninger.<\/p>\n\n\n\n<p><br><br><\/p>\n","protected":false},"excerpt":{"rendered":"<p>Jf. senest godkendte vedt\u00e6gter varetages foreningens daglige ledelse af en formand, en kasserer, to bestyrelsesmedlemmer samt en suppleant &#8211; alle direkte udpeget af generalforsamlingen og dermed grundejerforeningens medlemmer. Bestyrelsen samt \u00e9n suppleant v\u00e6lges blandt grundejerforeningens medlemmer. Alle v\u00e6lges for 2 \u00e5r ad gangen, p\u00e5 den ordin\u00e6re generalforsamling.I lige \u00e5r er formanden, bestyrelsesmedlem 1. samt suppleanten [&hellip;]<\/p>\n","protected":false},"author":3,"featured_media":0,"parent":0,"menu_order":0,"comment_status":"closed","ping_status":"closed","template":"","meta":{"ngg_post_thumbnail":0,"_themeisle_gutenberg_block_has_review":false,"footnotes":""},"class_list":["post-344","page","type-page","status-publish","hentry"],"_links":{"self":[{"href":"http:\/\/agervaenget.dk\/index.php\/wp-json\/wp\/v2\/pages\/344"}],"collection":[{"href":"http:\/\/agervaenget.dk\/index.php\/wp-json\/wp\/v2\/pages"}],"about":[{"href":"http:\/\/agervaenget.dk\/index.php\/wp-json\/wp\/v2\/types\/page"}],"author":[{"embeddable":true,"href":"http:\/\/agervaenget.dk\/index.php\/wp-json\/wp\/v2\/users\/3"}],"replies":[{"embeddable":true,"href":"http:\/\/agervaenget.dk\/index.php\/wp-json\/wp\/v2\/comments?post=344"}],"version-history":[{"count":7,"href":"http:\/\/agervaenget.dk\/index.php\/wp-json\/wp\/v2\/pages\/344\/revisions"}],"predecessor-version":[{"id":936,"href":"http:\/\/agervaenget.dk\/index.php\/wp-json\/wp\/v2\/pages\/344\/revisions\/936"}],"wp:attachment":[{"href":"http:\/\/agervaenget.dk\/index.php\/wp-json\/wp\/v2\/media?parent=344"}],"curies":[{"name":"wp","href":"https:\/\/api.w.org\/{rel}","templated":true}]}}