{"id":35,"date":"2024-09-30T12:19:13","date_gmt":"2024-09-30T12:19:13","guid":{"rendered":"http:\/\/agervaenget.dk\/?page_id=35"},"modified":"2026-02-14T16:30:06","modified_gmt":"2026-02-14T16:30:06","slug":"faellesarealer","status":"publish","type":"page","link":"http:\/\/agervaenget.dk\/index.php\/om-grundejerforeningen\/faellesarealer\/","title":{"rendered":"F\u00e6llesarealer"},"content":{"rendered":"\n<p><\/p>\n\n\n\n<p><mark style=\"background-color:rgba(0, 0, 0, 0);color:#000000\" class=\"has-inline-color\"><strong>Grundejerforeningens f\u00e6llesarealer best\u00e5r af 2 st\u00f8rre gr\u00f8nne arealer og en r\u00e6kke stisystemer<\/strong>, hvoraf enkelte af de flisebelagte stier er belyste. Belysningen forest\u00e5s af Holb\u00e6k Kommune.<\/mark><\/p>\n\n\n\n<div class=\"wp-block-columns is-layout-flex wp-container-core-columns-is-layout-1 wp-block-columns-is-layout-flex\">\n<div class=\"wp-block-column is-layout-flow wp-block-column-is-layout-flow\" style=\"flex-basis:25%\">\n<figure class=\"wp-block-image size-large is-resized\"><img loading=\"lazy\" decoding=\"async\" width=\"683\" height=\"1024\" src=\"http:\/\/agervaenget.dk\/wp-content\/uploads\/2025\/12\/IMG_7381-683x1024.jpg\" alt=\"\" class=\"wp-image-455\" style=\"width:189px;height:auto\" srcset=\"http:\/\/agervaenget.dk\/wp-content\/uploads\/2025\/12\/IMG_7381-683x1024.jpg 683w, http:\/\/agervaenget.dk\/wp-content\/uploads\/2025\/12\/IMG_7381-200x300.jpg 200w, http:\/\/agervaenget.dk\/wp-content\/uploads\/2025\/12\/IMG_7381-768x1152.jpg 768w, http:\/\/agervaenget.dk\/wp-content\/uploads\/2025\/12\/IMG_7381-1024x1536.jpg 1024w, http:\/\/agervaenget.dk\/wp-content\/uploads\/2025\/12\/IMG_7381-1365x2048.jpg 1365w, http:\/\/agervaenget.dk\/wp-content\/uploads\/2025\/12\/IMG_7381-scaled.jpg 1707w\" sizes=\"(max-width: 683px) 100vw, 683px\" \/><\/figure>\n<\/div>\n\n\n\n<div class=\"wp-block-column is-layout-flow wp-block-column-is-layout-flow\" style=\"flex-basis:50%\">\n<figure class=\"wp-block-gallery has-nested-images columns-default is-cropped wp-block-gallery-1 is-layout-flex wp-block-gallery-is-layout-flex\">\n<figure class=\"wp-block-image size-large\"><img loading=\"lazy\" decoding=\"async\" width=\"1024\" height=\"683\" src=\"http:\/\/agervaenget.dk\/wp-content\/uploads\/2025\/12\/IMG_7360-1024x683.jpg\" alt=\"\" class=\"wp-image-451\" srcset=\"http:\/\/agervaenget.dk\/wp-content\/uploads\/2025\/12\/IMG_7360-1024x683.jpg 1024w, http:\/\/agervaenget.dk\/wp-content\/uploads\/2025\/12\/IMG_7360-300x200.jpg 300w, http:\/\/agervaenget.dk\/wp-content\/uploads\/2025\/12\/IMG_7360-768x512.jpg 768w, http:\/\/agervaenget.dk\/wp-content\/uploads\/2025\/12\/IMG_7360-1536x1024.jpg 1536w, http:\/\/agervaenget.dk\/wp-content\/uploads\/2025\/12\/IMG_7360-2048x1365.jpg 2048w\" sizes=\"(max-width: 1024px) 100vw, 1024px\" \/><\/figure>\n<\/figure>\n<\/div>\n\n\n\n<div class=\"wp-block-column is-layout-flow wp-block-column-is-layout-flow\" style=\"flex-basis:25%\">\n<figure class=\"wp-block-image size-large is-resized\"><img loading=\"lazy\" decoding=\"async\" width=\"683\" height=\"1024\" src=\"http:\/\/agervaenget.dk\/wp-content\/uploads\/2025\/12\/IMG_7375-683x1024.jpg\" alt=\"\" class=\"wp-image-460\" style=\"width:191px;height:auto\" srcset=\"http:\/\/agervaenget.dk\/wp-content\/uploads\/2025\/12\/IMG_7375-683x1024.jpg 683w, http:\/\/agervaenget.dk\/wp-content\/uploads\/2025\/12\/IMG_7375-200x300.jpg 200w, http:\/\/agervaenget.dk\/wp-content\/uploads\/2025\/12\/IMG_7375-768x1152.jpg 768w, http:\/\/agervaenget.dk\/wp-content\/uploads\/2025\/12\/IMG_7375-1024x1536.jpg 1024w, http:\/\/agervaenget.dk\/wp-content\/uploads\/2025\/12\/IMG_7375-1365x2048.jpg 1365w, http:\/\/agervaenget.dk\/wp-content\/uploads\/2025\/12\/IMG_7375-scaled.jpg 1707w\" sizes=\"(max-width: 683px) 100vw, 683px\" \/><\/figure>\n<\/div>\n<\/div>\n\n\n\n<p class=\"has-black-color has-text-color has-link-color wp-elements-a3935b8bf9bad70fd02bfd03b7f2cf1b\"><strong>Foreningens st\u00f8rste f\u00e6llesareal<\/strong> ligger placeret nord for Agerg\u00e5rdsvej, i den vestlige ende af omr\u00e5det, op mod vandv\u00e6rket. Arealet, der bl.a. er forbundet med den flisebelagte sti C, anvendes ofte til boldspil og andre sociale aktiviteter.<\/p>\n\n\n\n<div class=\"wp-block-columns is-layout-flex wp-container-core-columns-is-layout-2 wp-block-columns-is-layout-flex\">\n<div class=\"wp-block-column is-layout-flow wp-block-column-is-layout-flow\">\n<figure class=\"wp-block-image size-large\"><img loading=\"lazy\" decoding=\"async\" width=\"1024\" height=\"683\" src=\"http:\/\/agervaenget.dk\/wp-content\/uploads\/2025\/12\/IMG_7397-1024x683.jpg\" alt=\"\" class=\"wp-image-462\" srcset=\"http:\/\/agervaenget.dk\/wp-content\/uploads\/2025\/12\/IMG_7397-1024x683.jpg 1024w, http:\/\/agervaenget.dk\/wp-content\/uploads\/2025\/12\/IMG_7397-300x200.jpg 300w, http:\/\/agervaenget.dk\/wp-content\/uploads\/2025\/12\/IMG_7397-768x512.jpg 768w, http:\/\/agervaenget.dk\/wp-content\/uploads\/2025\/12\/IMG_7397-1536x1024.jpg 1536w, http:\/\/agervaenget.dk\/wp-content\/uploads\/2025\/12\/IMG_7397-2048x1365.jpg 2048w\" sizes=\"(max-width: 1024px) 100vw, 1024px\" \/><\/figure>\n<\/div>\n\n\n\n<div class=\"wp-block-column is-layout-flow wp-block-column-is-layout-flow\">\n<figure class=\"wp-block-image size-large\"><img loading=\"lazy\" decoding=\"async\" width=\"1024\" height=\"683\" src=\"http:\/\/agervaenget.dk\/wp-content\/uploads\/2025\/12\/IMG_7406-1024x683.jpg\" alt=\"\" class=\"wp-image-445\" srcset=\"http:\/\/agervaenget.dk\/wp-content\/uploads\/2025\/12\/IMG_7406-1024x683.jpg 1024w, http:\/\/agervaenget.dk\/wp-content\/uploads\/2025\/12\/IMG_7406-300x200.jpg 300w, http:\/\/agervaenget.dk\/wp-content\/uploads\/2025\/12\/IMG_7406-768x512.jpg 768w, http:\/\/agervaenget.dk\/wp-content\/uploads\/2025\/12\/IMG_7406-1536x1024.jpg 1536w, http:\/\/agervaenget.dk\/wp-content\/uploads\/2025\/12\/IMG_7406-2048x1365.jpg 2048w\" sizes=\"(max-width: 1024px) 100vw, 1024px\" \/><\/figure>\n<\/div>\n<\/div>\n\n\n\n<p class=\"has-black-color has-text-color has-link-color wp-elements-d105264d3dddcbe93fbd90e68ec09955\"><strong>Det andet st\u00f8rre areal<\/strong> er beliggende syd for Agerg\u00e5rdsvej og str\u00e6kker sig, som et flisebelagt stisystem langs vestsiden af foreningens sydlige bebyggelser. Dette areal er forbundet af de \u00f8st-vestg\u00e5ende gr\u00f8nne stier A og B, mellem bebyggelserne. Sti A og B er ikke flisebelagt.<\/p>\n\n\n\n<div class=\"wp-block-columns is-layout-flex wp-container-core-columns-is-layout-3 wp-block-columns-is-layout-flex\">\n<div class=\"wp-block-column is-layout-flow wp-block-column-is-layout-flow\">\n<figure class=\"wp-block-image size-large\"><img loading=\"lazy\" decoding=\"async\" width=\"1024\" height=\"683\" src=\"http:\/\/agervaenget.dk\/wp-content\/uploads\/2025\/12\/IMG_7411-1024x683.jpg\" alt=\"\" class=\"wp-image-476\" srcset=\"http:\/\/agervaenget.dk\/wp-content\/uploads\/2025\/12\/IMG_7411-1024x683.jpg 1024w, http:\/\/agervaenget.dk\/wp-content\/uploads\/2025\/12\/IMG_7411-300x200.jpg 300w, http:\/\/agervaenget.dk\/wp-content\/uploads\/2025\/12\/IMG_7411-768x512.jpg 768w, http:\/\/agervaenget.dk\/wp-content\/uploads\/2025\/12\/IMG_7411-1536x1024.jpg 1536w, http:\/\/agervaenget.dk\/wp-content\/uploads\/2025\/12\/IMG_7411-2048x1365.jpg 2048w\" sizes=\"(max-width: 1024px) 100vw, 1024px\" \/><\/figure>\n<\/div>\n\n\n\n<div class=\"wp-block-column is-layout-flow wp-block-column-is-layout-flow\">\n<figure class=\"wp-block-image size-large\"><img loading=\"lazy\" decoding=\"async\" width=\"1024\" height=\"683\" src=\"http:\/\/agervaenget.dk\/wp-content\/uploads\/2025\/12\/IMG_7404-1024x683.jpg\" alt=\"\" class=\"wp-image-484\" srcset=\"http:\/\/agervaenget.dk\/wp-content\/uploads\/2025\/12\/IMG_7404-1024x683.jpg 1024w, http:\/\/agervaenget.dk\/wp-content\/uploads\/2025\/12\/IMG_7404-300x200.jpg 300w, http:\/\/agervaenget.dk\/wp-content\/uploads\/2025\/12\/IMG_7404-768x512.jpg 768w, http:\/\/agervaenget.dk\/wp-content\/uploads\/2025\/12\/IMG_7404-1536x1024.jpg 1536w, http:\/\/agervaenget.dk\/wp-content\/uploads\/2025\/12\/IMG_7404-2048x1365.jpg 2048w\" sizes=\"(max-width: 1024px) 100vw, 1024px\" \/><\/figure>\n<\/div>\n\n\n\n<div class=\"wp-block-column is-layout-flow wp-block-column-is-layout-flow\">\n<figure class=\"wp-block-image size-large\"><img loading=\"lazy\" decoding=\"async\" width=\"1024\" height=\"683\" src=\"http:\/\/agervaenget.dk\/wp-content\/uploads\/2025\/12\/IMG_7394-1024x683.jpg\" alt=\"\" class=\"wp-image-473\" srcset=\"http:\/\/agervaenget.dk\/wp-content\/uploads\/2025\/12\/IMG_7394-1024x683.jpg 1024w, http:\/\/agervaenget.dk\/wp-content\/uploads\/2025\/12\/IMG_7394-300x200.jpg 300w, http:\/\/agervaenget.dk\/wp-content\/uploads\/2025\/12\/IMG_7394-768x512.jpg 768w, http:\/\/agervaenget.dk\/wp-content\/uploads\/2025\/12\/IMG_7394-1536x1024.jpg 1536w, http:\/\/agervaenget.dk\/wp-content\/uploads\/2025\/12\/IMG_7394-2048x1365.jpg 2048w\" sizes=\"(max-width: 1024px) 100vw, 1024px\" \/><\/figure>\n<\/div>\n<\/div>\n\n\n\n<p class=\"has-black-color has-text-color has-link-color wp-elements-2b772c457385b520e0667bd48622e2f8\"><br><strong>F\u00e6llesarealerne vedligeholdes<\/strong> af Grundejerforeningen, idet den almindelige vedligeholdelse foretages p\u00e5 kontrakt.<\/p>\n\n\n\n<p class=\"has-black-color has-text-color has-link-color wp-elements-b5e2a7131a0a57bfd94f40deede7e030\"><strong>Henvendelser om vedligehold af f\u00e6llesarealerne<\/strong> skal ske til bestyrelsens ansvarlige herfor.<\/p>\n\n\n\n<div class=\"wp-block-columns is-layout-flex wp-container-core-columns-is-layout-4 wp-block-columns-is-layout-flex\">\n<div class=\"wp-block-column is-layout-flow wp-block-column-is-layout-flow\">\n<figure class=\"wp-block-image size-large\"><img loading=\"lazy\" decoding=\"async\" width=\"1024\" height=\"683\" src=\"http:\/\/agervaenget.dk\/wp-content\/uploads\/2025\/12\/IMG_7405-1024x683.jpg\" alt=\"\" class=\"wp-image-444\" srcset=\"http:\/\/agervaenget.dk\/wp-content\/uploads\/2025\/12\/IMG_7405-1024x683.jpg 1024w, http:\/\/agervaenget.dk\/wp-content\/uploads\/2025\/12\/IMG_7405-300x200.jpg 300w, http:\/\/agervaenget.dk\/wp-content\/uploads\/2025\/12\/IMG_7405-768x512.jpg 768w, http:\/\/agervaenget.dk\/wp-content\/uploads\/2025\/12\/IMG_7405-1536x1024.jpg 1536w, http:\/\/agervaenget.dk\/wp-content\/uploads\/2025\/12\/IMG_7405-2048x1365.jpg 2048w\" sizes=\"(max-width: 1024px) 100vw, 1024px\" \/><\/figure>\n<\/div>\n\n\n\n<div class=\"wp-block-column is-layout-flow wp-block-column-is-layout-flow\">\n<figure class=\"wp-block-image size-large\"><img loading=\"lazy\" decoding=\"async\" width=\"1024\" height=\"683\" src=\"http:\/\/agervaenget.dk\/wp-content\/uploads\/2025\/12\/IMG_7409-1024x683.jpg\" alt=\"\" class=\"wp-image-457\" srcset=\"http:\/\/agervaenget.dk\/wp-content\/uploads\/2025\/12\/IMG_7409-1024x683.jpg 1024w, http:\/\/agervaenget.dk\/wp-content\/uploads\/2025\/12\/IMG_7409-300x200.jpg 300w, http:\/\/agervaenget.dk\/wp-content\/uploads\/2025\/12\/IMG_7409-768x512.jpg 768w, http:\/\/agervaenget.dk\/wp-content\/uploads\/2025\/12\/IMG_7409-1536x1024.jpg 1536w, http:\/\/agervaenget.dk\/wp-content\/uploads\/2025\/12\/IMG_7409-2048x1365.jpg 2048w\" sizes=\"(max-width: 1024px) 100vw, 1024px\" \/><\/figure>\n<\/div>\n<\/div>\n\n\n\n<p><mark style=\"background-color:rgba(0, 0, 0, 0);color:#ff0000\" class=\"has-inline-color\"><strong>Motork\u00f8rende f\u00e6rdsel, bortset fra eventuelle n\u00f8dvendige arbejdsmaskiner, m\u00e5 ikke finde sted p\u00e5 stier og gr\u00f8nne omr\u00e5der!<\/strong><\/mark><\/p>\n\n\n\n<p><\/p>\n","protected":false},"excerpt":{"rendered":"<p>Grundejerforeningens f\u00e6llesarealer best\u00e5r af 2 st\u00f8rre gr\u00f8nne arealer og en r\u00e6kke stisystemer, hvoraf enkelte af de flisebelagte stier er belyste. Belysningen forest\u00e5s af Holb\u00e6k Kommune. Foreningens st\u00f8rste f\u00e6llesareal ligger placeret nord for Agerg\u00e5rdsvej, i den vestlige ende af omr\u00e5det, op mod vandv\u00e6rket. Arealet, der bl.a. er forbundet med den flisebelagte sti C, anvendes ofte til [&hellip;]<\/p>\n","protected":false},"author":3,"featured_media":0,"parent":133,"menu_order":0,"comment_status":"closed","ping_status":"closed","template":"","meta":{"ngg_post_thumbnail":0,"_themeisle_gutenberg_block_has_review":false,"footnotes":""},"class_list":["post-35","page","type-page","status-publish","hentry"],"_links":{"self":[{"href":"http:\/\/agervaenget.dk\/index.php\/wp-json\/wp\/v2\/pages\/35"}],"collection":[{"href":"http:\/\/agervaenget.dk\/index.php\/wp-json\/wp\/v2\/pages"}],"about":[{"href":"http:\/\/agervaenget.dk\/index.php\/wp-json\/wp\/v2\/types\/page"}],"author":[{"embeddable":true,"href":"http:\/\/agervaenget.dk\/index.php\/wp-json\/wp\/v2\/users\/3"}],"replies":[{"embeddable":true,"href":"http:\/\/agervaenget.dk\/index.php\/wp-json\/wp\/v2\/comments?post=35"}],"version-history":[{"count":8,"href":"http:\/\/agervaenget.dk\/index.php\/wp-json\/wp\/v2\/pages\/35\/revisions"}],"predecessor-version":[{"id":901,"href":"http:\/\/agervaenget.dk\/index.php\/wp-json\/wp\/v2\/pages\/35\/revisions\/901"}],"up":[{"embeddable":true,"href":"http:\/\/agervaenget.dk\/index.php\/wp-json\/wp\/v2\/pages\/133"}],"wp:attachment":[{"href":"http:\/\/agervaenget.dk\/index.php\/wp-json\/wp\/v2\/media?parent=35"}],"curies":[{"name":"wp","href":"https:\/\/api.w.org\/{rel}","templated":true}]}}