{"id":352,"date":"2025-12-25T11:58:37","date_gmt":"2025-12-25T11:58:37","guid":{"rendered":"http:\/\/agervaenget.dk\/?page_id=352"},"modified":"2026-02-26T14:35:20","modified_gmt":"2026-02-26T14:35:20","slug":"kontingent-og-pbs","status":"publish","type":"page","link":"http:\/\/agervaenget.dk\/index.php\/kontingent-og-pbs\/","title":{"rendered":"Kontingent &amp; PBS"},"content":{"rendered":"\n<p><\/p>\n\n\n\n<div class=\"wp-block-columns is-layout-flex wp-container-core-columns-is-layout-1 wp-block-columns-is-layout-flex\">\n<div class=\"wp-block-column is-layout-flow wp-block-column-is-layout-flow\" style=\"flex-basis:33.33%\">\n<figure class=\"wp-block-image size-full\"><img loading=\"lazy\" decoding=\"async\" width=\"782\" height=\"713\" src=\"http:\/\/agervaenget.dk\/wp-content\/uploads\/2026\/02\/receipt-in-hand-clipart-md-2.png\" alt=\"\" class=\"wp-image-864\" srcset=\"http:\/\/agervaenget.dk\/wp-content\/uploads\/2026\/02\/receipt-in-hand-clipart-md-2.png 782w, http:\/\/agervaenget.dk\/wp-content\/uploads\/2026\/02\/receipt-in-hand-clipart-md-2-300x274.png 300w, http:\/\/agervaenget.dk\/wp-content\/uploads\/2026\/02\/receipt-in-hand-clipart-md-2-768x700.png 768w\" sizes=\"(max-width: 782px) 100vw, 782px\" \/><\/figure>\n<\/div>\n\n\n\n<div class=\"wp-block-column is-layout-flow wp-block-column-is-layout-flow\" style=\"flex-basis:66.66%\">\n<figure class=\"wp-block-image size-full is-resized\"><img loading=\"lazy\" decoding=\"async\" width=\"800\" height=\"511\" src=\"http:\/\/agervaenget.dk\/wp-content\/uploads\/2026\/02\/house-clipart-md.png\" alt=\"\" class=\"wp-image-865\" style=\"width:421px;height:auto\" srcset=\"http:\/\/agervaenget.dk\/wp-content\/uploads\/2026\/02\/house-clipart-md.png 800w, http:\/\/agervaenget.dk\/wp-content\/uploads\/2026\/02\/house-clipart-md-300x192.png 300w, http:\/\/agervaenget.dk\/wp-content\/uploads\/2026\/02\/house-clipart-md-768x491.png 768w\" sizes=\"(max-width: 800px) 100vw, 800px\" \/><\/figure>\n<\/div>\n<\/div>\n\n\n\n<p><strong><mark style=\"background-color:rgba(0, 0, 0, 0);color:#000000\" class=\"has-inline-color\">Medlems- og betalingspligt<\/mark><\/strong><\/p>\n\n\n\n<p><mark style=\"background-color:rgba(0, 0, 0, 0);color:#000000\" class=\"has-inline-color\">Enhver grundejer, i grundejerforeningen, har b\u00e5de medlems- og betalingspligt, hvilket fremg\u00e5r af den tinglyste <a href=\"http:\/\/agervaenget.dk\/index.php\/dokument-database\/\" data-type=\"page\" data-id=\"366\">deklaration<\/a>. Det \u00e5rlige kontingentet betales d. 1. maj. L\u00e6s mere herom p\u00e5 denne side.  <\/mark><br><br><strong><mark style=\"background-color:rgba(0, 0, 0, 0);color:#000000\" class=\"has-inline-color\">\u00c5rligt kontingent<\/mark><\/strong><\/p>\n\n\n\n<p><mark style=\"background-color:rgba(0, 0, 0, 0);color:#000000\" class=\"has-inline-color\">Kontingentet d\u00e6kker medlemskabet og fasts\u00e6ttes p\u00e5 den, \u00e5rlige, ordin\u00e6re generalforsamling.<\/mark><\/p>\n\n\n\n<p><strong><mark style=\"background-color:rgba(0, 0, 0, 0);color:#000000\" class=\"has-inline-color\">Betaling af kontingent<\/mark><\/strong><\/p>\n\n\n\n<p><mark style=\"background-color:rgba(0, 0, 0, 0);color:#000000\" class=\"has-inline-color\">Man kan betale p\u00e5 2 m\u00e5der. <\/mark><\/p>\n\n\n\n<p><strong><mark style=\"background-color:rgba(0, 0, 0, 0);color:#000000\" class=\"has-inline-color\">1. <\/mark><\/strong><mark style=\"background-color:rgba(0, 0, 0, 0);color:#000000\" class=\"has-inline-color\"><span style=\"text-decoration: underline;\">Ved hj\u00e6lp af indbetalingskort.<\/span><br>Grund-\/parcelejere, som \u00f8nsker at betale med indbetalingskort opkr\u00e6ves et PBS administrationsgebyr. <\/mark><br><mark style=\"background-color:rgba(0, 0, 0, 0);color:#000000\" class=\"has-inline-color\">Se pris herfor under fanen &#8220;\u00d8konomi&#8221; og menupunktet &#8220;Gebyrer&#8221;. <\/mark><\/p>\n\n\n\n<p><mark style=\"background-color:rgba(0, 0, 0, 0);color:#000000\" class=\"has-inline-color\"><strong>2.<\/strong> <span style=\"text-decoration: underline;\">Ved at tilmelde sig PBS\/betalingsservice. <\/span><br>Grund-\/parcelejere, der er tilmeldt PBS, vil opleve at kontingentet pr. automatik betales via banken.<\/mark><\/p>\n\n\n\n<p><mark style=\"background-color:rgba(0, 0, 0, 0);color:#000000\" class=\"has-inline-color\"><em>Man kan <strong>ikke&nbsp;<\/strong>betale kontingent via bankoverf\u00f8rsel.<\/em><\/mark><\/p>\n\n\n\n<p><strong><mark style=\"background-color:rgba(0, 0, 0, 0);color:#000000\" class=\"has-inline-color\">Manglende tilmelding til PBS\/betalingsservice<\/mark><\/strong><\/p>\n\n\n\n<p><mark style=\"background-color:rgba(0, 0, 0, 0);color:#000000\" class=\"has-inline-color\">Ved manglende PBS tilmelding vil den enkelte grund-\/parcelejer opkr\u00e6ves\u00a0herfor sammen med et administrationsgebyr. <\/mark><br><mark style=\"background-color:rgba(0, 0, 0, 0);color:#000000\" class=\"has-inline-color\">Kassereren kontakter Betalingsservice, som fremsender et girokort til vedkommende i restance. Det bel\u00f8b, der skyldes, betales via girokortet, hvorefter vi tilr\u00e5der at man herinde tilmelder sig PBS\/betalingservice fremadrettet. Se diverse gebyrer <a href=\"http:\/\/agervaenget.dk\/index.php\/gebyrer\/\" data-type=\"page\" data-id=\"356\">her<\/a>. <\/mark><\/p>\n\n\n\n<p><strong><mark style=\"background-color:rgba(0, 0, 0, 0);color:#000000\" class=\"has-inline-color\">Tilmelding til PBS\/betalingsservice<\/mark><\/strong><\/p>\n\n\n\n<p><mark style=\"background-color:rgba(0, 0, 0, 0);color:#000000\" class=\"has-inline-color\">Grund-\/parcelejere opfordres til at tilmelde det \u00e5rlige grundejermedlemskontingent til PBS\/betalingsservice. L\u00e6s om fordele ved tilmelding til PBS og f\u00e5 information om sikkerhed<\/mark> <a href=\"https:\/\/www.betalingsservice.dk\/BS\/?id=3&amp;pbs=30089731&amp;pbscheck=cmJ02UIROX6W1TlPrhv7nQ%3D%3D&amp;dbnr=&amp;dbgr=00001&amp;kundenrLabel=Kundenr.&amp;version=2\">her<\/a><mark style=\"background-color:rgba(0, 0, 0, 0);color:#000000\" class=\"has-inline-color\">.<\/mark> <br><br><mark style=\"background-color:rgba(0, 0, 0, 0);color:#d91d1d\" class=\"has-inline-color\"><strong>VIGTIGT!<\/strong>\u00a0<\/mark><br><mark style=\"background-color:rgba(0, 0, 0, 0);color:#000000\" class=\"has-inline-color\">Husk at angive dit husnummer, som kundenummer. <\/mark><br><mark style=\"background-color:rgba(0, 0, 0, 0);color:#000000\" class=\"has-inline-color\"><em>Eksempel: Bor du p\u00e5 Agerv\u00e6nget 222, skal der st\u00e5 222 i dit PBS-Kundenr.<\/em><\/mark><\/p>\n\n\n\n<figure class=\"wp-block-image size-full is-resized\"><img loading=\"lazy\" decoding=\"async\" width=\"768\" height=\"327\" src=\"http:\/\/agervaenget.dk\/wp-content\/uploads\/2026\/01\/Betalingsservice-saadan-768x327-1.png\" alt=\"\" class=\"wp-image-631\" style=\"width:898px;height:auto\" srcset=\"http:\/\/agervaenget.dk\/wp-content\/uploads\/2026\/01\/Betalingsservice-saadan-768x327-1.png 768w, http:\/\/agervaenget.dk\/wp-content\/uploads\/2026\/01\/Betalingsservice-saadan-768x327-1-300x128.png 300w\" sizes=\"(max-width: 768px) 100vw, 768px\" \/><\/figure>\n\n\n\n<p><\/p>\n","protected":false},"excerpt":{"rendered":"<p>Medlems- og betalingspligt Enhver grundejer, i grundejerforeningen, har b\u00e5de medlems- og betalingspligt, hvilket fremg\u00e5r af den tinglyste deklaration. Det \u00e5rlige kontingentet betales d. 1. maj. L\u00e6s mere herom p\u00e5 denne side. \u00c5rligt kontingent Kontingentet d\u00e6kker medlemskabet og fasts\u00e6ttes p\u00e5 den, \u00e5rlige, ordin\u00e6re generalforsamling. Betaling af kontingent Man kan betale p\u00e5 2 m\u00e5der. 1. Ved hj\u00e6lp [&hellip;]<\/p>\n","protected":false},"author":3,"featured_media":0,"parent":0,"menu_order":0,"comment_status":"closed","ping_status":"closed","template":"","meta":{"ngg_post_thumbnail":0,"_themeisle_gutenberg_block_has_review":false,"footnotes":""},"class_list":["post-352","page","type-page","status-publish","hentry"],"_links":{"self":[{"href":"http:\/\/agervaenget.dk\/index.php\/wp-json\/wp\/v2\/pages\/352"}],"collection":[{"href":"http:\/\/agervaenget.dk\/index.php\/wp-json\/wp\/v2\/pages"}],"about":[{"href":"http:\/\/agervaenget.dk\/index.php\/wp-json\/wp\/v2\/types\/page"}],"author":[{"embeddable":true,"href":"http:\/\/agervaenget.dk\/index.php\/wp-json\/wp\/v2\/users\/3"}],"replies":[{"embeddable":true,"href":"http:\/\/agervaenget.dk\/index.php\/wp-json\/wp\/v2\/comments?post=352"}],"version-history":[{"count":11,"href":"http:\/\/agervaenget.dk\/index.php\/wp-json\/wp\/v2\/pages\/352\/revisions"}],"predecessor-version":[{"id":1014,"href":"http:\/\/agervaenget.dk\/index.php\/wp-json\/wp\/v2\/pages\/352\/revisions\/1014"}],"wp:attachment":[{"href":"http:\/\/agervaenget.dk\/index.php\/wp-json\/wp\/v2\/media?parent=352"}],"curies":[{"name":"wp","href":"https:\/\/api.w.org\/{rel}","templated":true}]}}