{"id":356,"date":"2025-12-25T11:58:27","date_gmt":"2025-12-25T11:58:27","guid":{"rendered":"http:\/\/agervaenget.dk\/?page_id=356"},"modified":"2026-02-17T13:38:42","modified_gmt":"2026-02-17T13:38:42","slug":"gebyrer","status":"publish","type":"page","link":"http:\/\/agervaenget.dk\/index.php\/gebyrer\/","title":{"rendered":"Gebyroversigt"},"content":{"rendered":"\n<table id=\"tablepress-2\" class=\"tablepress tablepress-id-2\">\n<thead>\n<tr class=\"row-1\">\n\t<th class=\"column-1\">Gebyr<\/th><th class=\"column-2\">Pris<\/th>\n<\/tr>\n<\/thead>\n<tbody class=\"row-striping row-hover\">\n<tr class=\"row-2\">\n\t<td class=\"column-1\">\u00c5rligt kontingent:<\/td><td class=\"column-2\">950 kr.<\/td>\n<\/tr>\n<tr class=\"row-3\">\n\t<td class=\"column-1\">Administrationsgebyr ved manglende PBS-tilmelding:<\/td><td class=\"column-2\">35 kr.<\/td>\n<\/tr>\n<tr class=\"row-4\">\n\t<td class=\"column-1\">Ejerskifte-\/administrationsgebyr ved manglende oplysninger om ejerforhold:<\/td><td class=\"column-2\">350 kr.<\/td>\n<\/tr>\n<tr class=\"row-5\">\n\t<td class=\"column-1\">Administrationsgebyr ved ejendomsm\u00e6glerhenvendelser vedr. officiel dokumentation:<\/td><td class=\"column-2\">350 kr.<\/td>\n<\/tr>\n<tr class=\"row-6\">\n\t<td class=\"column-1\">Rykkergebyr:<\/td><td class=\"column-2\">100 kr.<\/td>\n<\/tr>\n<\/tbody>\n<\/table>\n<!-- #tablepress-2 from cache -->\n\n\n<p><em><mark style=\"background-color:rgba(0, 0, 0, 0);color:#000000\" class=\"has-inline-color\">Der skal tages h\u00f8jde for at gebyrer kan \u00e6ndres p\u00e5 \u00e5rlig basis, ved den ordin\u00e6re generalforsamling.<\/mark><\/em><\/p>\n\n\n\n<p><\/p>\n\n\n\n<p><strong>MasterCard Payment Services Denmark<\/strong> <mark style=\"background-color:rgba(0, 0, 0, 0);color:#000000\" class=\"has-inline-color\">varslede, i slutningen af 2025, <span style=\"text-decoration: underline;\">pris\u00e6ndringer for BS Indbetalingskort<\/span> p\u00e5 b\u00e5de papir og tekstlinjer p\u00e5 betalingsoversigten, med start d. 1. januar 2026. <\/mark><br><mark style=\"background-color:rgba(0, 0, 0, 0);color:#000000\" class=\"has-inline-color\">\u00c6ndringerne skyldes forsendelsesomkostninger hos den distribut\u00f8r, der fremover h\u00e5ndterer fysisk post. Nedenfor ses \u00e6ndringerne herfor.<\/mark><\/p>\n\n\n\n<table id=\"tablepress-3\" class=\"tablepress tablepress-id-3\">\n<thead>\n<tr class=\"row-1\">\n\t<th class=\"column-1\">Pris\u00e6ndringer for BS Indbetalingskort p\u00e5 papir og tekstlinjer:<\/th><th class=\"column-2\">Pr. 1. januar 2026<\/th>\n<\/tr>\n<\/thead>\n<tbody class=\"row-striping row-hover\">\n<tr class=\"row-2\">\n\t<td class=\"column-1\">Dannelse og standard udsendelse til adresse i Danmark, pr. stk.:<\/td><td class=\"column-2\">18,65 kr.<\/td>\n<\/tr>\n<tr class=\"row-3\">\n\t<td class=\"column-1\">Dannelse og hurtigt udsendelse til adresse i Danmark, pr. stk.:<\/td><td class=\"column-2\">27,29 kr.<\/td>\n<\/tr>\n<tr class=\"row-4\">\n\t<td class=\"column-1\">Dannelse og udsendelse til adresse i udlandet, inkl. F\u00e6r\u00f8erne og Gr\u00f8nland, pr. stk.:<\/td><td class=\"column-2\">45,70 kr.<\/td>\n<\/tr>\n<tr class=\"row-5\">\n\t<td class=\"column-1\">Linje 1-3 efter hovedlinjetekst, pr. linje:<\/td><td class=\"column-2\">0,12 kr.<\/td>\n<\/tr>\n<tr class=\"row-6\">\n\t<td class=\"column-1\">Linje 4-10, pr. linje:<\/td><td class=\"column-2\">0,065 kr.<\/td>\n<\/tr>\n<tr class=\"row-7\">\n\t<td class=\"column-1\">Linje 11 og frem, pr. linje:<\/td><td class=\"column-2\">0,050 kr.<\/td>\n<\/tr>\n<tr class=\"row-8\">\n\t<td class=\"column-1\">Adviserede tekstlinjer, pr. linje:<\/td><td class=\"column-2\">0,12 kr<\/td>\n<\/tr>\n<\/tbody>\n<\/table>\n<!-- #tablepress-3 from cache -->\n\n\n<p><\/p>\n","protected":false},"excerpt":{"rendered":"<p>Der skal tages h\u00f8jde for at gebyrer kan \u00e6ndres p\u00e5 \u00e5rlig basis, ved den ordin\u00e6re generalforsamling. MasterCard Payment Services Denmark varslede, i slutningen af 2025, pris\u00e6ndringer for BS Indbetalingskort p\u00e5 b\u00e5de papir og tekstlinjer p\u00e5 betalingsoversigten, med start d. 1. januar 2026. \u00c6ndringerne skyldes forsendelsesomkostninger hos den distribut\u00f8r, der fremover h\u00e5ndterer fysisk post. Nedenfor ses [&hellip;]<\/p>\n","protected":false},"author":3,"featured_media":0,"parent":0,"menu_order":0,"comment_status":"closed","ping_status":"closed","template":"","meta":{"ngg_post_thumbnail":0,"_themeisle_gutenberg_block_has_review":false,"footnotes":""},"class_list":["post-356","page","type-page","status-publish","hentry"],"_links":{"self":[{"href":"http:\/\/agervaenget.dk\/index.php\/wp-json\/wp\/v2\/pages\/356"}],"collection":[{"href":"http:\/\/agervaenget.dk\/index.php\/wp-json\/wp\/v2\/pages"}],"about":[{"href":"http:\/\/agervaenget.dk\/index.php\/wp-json\/wp\/v2\/types\/page"}],"author":[{"embeddable":true,"href":"http:\/\/agervaenget.dk\/index.php\/wp-json\/wp\/v2\/users\/3"}],"replies":[{"embeddable":true,"href":"http:\/\/agervaenget.dk\/index.php\/wp-json\/wp\/v2\/comments?post=356"}],"version-history":[{"count":13,"href":"http:\/\/agervaenget.dk\/index.php\/wp-json\/wp\/v2\/pages\/356\/revisions"}],"predecessor-version":[{"id":946,"href":"http:\/\/agervaenget.dk\/index.php\/wp-json\/wp\/v2\/pages\/356\/revisions\/946"}],"wp:attachment":[{"href":"http:\/\/agervaenget.dk\/index.php\/wp-json\/wp\/v2\/media?parent=356"}],"curies":[{"name":"wp","href":"https:\/\/api.w.org\/{rel}","templated":true}]}}