{"id":358,"date":"2025-12-25T11:58:51","date_gmt":"2025-12-25T11:58:51","guid":{"rendered":"http:\/\/agervaenget.dk\/?page_id=358"},"modified":"2026-02-17T13:58:18","modified_gmt":"2026-02-17T13:58:18","slug":"rykkere","status":"publish","type":"page","link":"http:\/\/agervaenget.dk\/index.php\/rykkere\/","title":{"rendered":"Manglende betaling"},"content":{"rendered":"\n<p><\/p>\n\n\n\n<figure class=\"wp-block-image size-large is-resized\"><img loading=\"lazy\" decoding=\"async\" width=\"1024\" height=\"319\" src=\"http:\/\/agervaenget.dk\/wp-content\/uploads\/2026\/02\/Skabelon-Rykkerskrivelse_page-0001-1-1024x319.jpg\" alt=\"\" class=\"wp-image-859\" style=\"width:754px;height:auto\" srcset=\"http:\/\/agervaenget.dk\/wp-content\/uploads\/2026\/02\/Skabelon-Rykkerskrivelse_page-0001-1-1024x319.jpg 1024w, http:\/\/agervaenget.dk\/wp-content\/uploads\/2026\/02\/Skabelon-Rykkerskrivelse_page-0001-1-300x94.jpg 300w, http:\/\/agervaenget.dk\/wp-content\/uploads\/2026\/02\/Skabelon-Rykkerskrivelse_page-0001-1-768x239.jpg 768w, http:\/\/agervaenget.dk\/wp-content\/uploads\/2026\/02\/Skabelon-Rykkerskrivelse_page-0001-1.jpg 1241w\" sizes=\"(max-width: 1024px) 100vw, 1024px\" \/><\/figure>\n\n\n\n<p><mark style=\"background-color:rgba(0, 0, 0, 0);color:#000000\" class=\"has-inline-color\">P\u00e5 generalforsamlingen, i 2011, blev det godkendt at bestyrelsen &#8211; fremadrettet &#8211; kan og m\u00e5 opkr\u00e6ve\u00a0et rykkergebyr\u00a0for enhver udsendt rykker, forudsat at der, p\u00e5 forudg\u00e5ende opkr\u00e6vning, er fastsat en betalingsfrist p\u00e5<strong>\u00a0minimum<\/strong>\u00a010 dage.<\/mark><\/p>\n\n\n\n<p><mark style=\"background-color:rgba(0, 0, 0, 0);color:#000000\" class=\"has-inline-color\">Bestyrelsens <strong>praksis er, at der kun udsendes \u00e9n rykker<\/strong>. <\/mark><\/p>\n\n\n\n<p><mark style=\"background-color:rgba(0, 0, 0, 0);color:#000000\" class=\"has-inline-color\">Herefter kan bestyrelsen, jf. foreningens vedt\u00e6gter, til enhver tid s\u00f8ge opkr\u00e6vning via retslig inkasso. <\/mark><br><mark style=\"background-color:rgba(0, 0, 0, 0);color:#000000\" class=\"has-inline-color\">Dette <strong>forudsat<\/strong> overdragelse til inkasso er varslet ved rykker, med en mulig betalingsfrist p\u00e5 10 dage.<\/mark><\/p>\n\n\n\n<p><mark style=\"background-color:rgba(0, 0, 0, 0);color:#000000\" class=\"has-inline-color\">Da det kan v\u00e6re en bekostelig aff\u00e6re for den enkelte grund-\/parcelejer, <\/mark><\/p>\n\n\n\n<p class=\"has-black-color has-text-color has-link-color wp-elements-37d3e1cce021883d8a8d4d39e7fd28ed\"><mark style=\"background-color:rgba(0, 0, 0, 0);color:#000000\" class=\"has-inline-color\"><strong>Modtager du en rykker for manglende kontingentbetaling<\/strong>,<\/mark><strong><mark style=\"background-color:rgba(0, 0, 0, 0);color:#000000\" class=\"has-inline-color\"> anbefale<\/mark>r vi at du betaler den hurtigst muligt <\/strong>&#8211; inden\u00a0betalingsfristen udl\u00f8ber<strong><mark style=\"background-color:rgba(0, 0, 0, 0);color:#000000\" class=\"has-inline-color\"> &#8211; og herefter tilmelder dig PBS<\/mark><\/strong><mark style=\"background-color:rgba(0, 0, 0, 0);color:#000000\" class=\"has-inline-color\"> <a href=\"http:\/\/agervaenget.dk\/index.php\/kontingent-og-pbs\/\" data-type=\"page\" data-id=\"352\">her<\/a>. Herefter vil kontingentbetaling foreg\u00e5 pr. automatik, s\u00e5 du ikke l\u00e6ngere selv skal bruge tid p\u00e5, at huske at f\u00e5 betalt kontingent rettidigt<\/mark>.<\/p>\n\n\n\n<p><mark style=\"background-color:rgba(0, 0, 0, 0);color:#000000\" class=\"has-inline-color\">Sp\u00f8rgsm\u00e5l hertil eller problemer hermed rettes til bestyrelsen p\u00e5 e-mail. <\/mark><br><mark style=\"background-color:rgba(0, 0, 0, 0);color:#000000\" class=\"has-inline-color\">I emnelinjen bedes du skrive: <em>&#8220;Manglende betaling af kontingent &#8211; husnr. XXX&#8221;<\/em>.<\/mark><\/p>\n\n\n\n<p><\/p>\n","protected":false},"excerpt":{"rendered":"<p>P\u00e5 generalforsamlingen, i 2011, blev det godkendt at bestyrelsen &#8211; fremadrettet &#8211; kan og m\u00e5 opkr\u00e6ve\u00a0et rykkergebyr\u00a0for enhver udsendt rykker, forudsat at der, p\u00e5 forudg\u00e5ende opkr\u00e6vning, er fastsat en betalingsfrist p\u00e5\u00a0minimum\u00a010 dage. Bestyrelsens praksis er, at der kun udsendes \u00e9n rykker. Herefter kan bestyrelsen, jf. foreningens vedt\u00e6gter, til enhver tid s\u00f8ge opkr\u00e6vning via retslig inkasso. [&hellip;]<\/p>\n","protected":false},"author":3,"featured_media":0,"parent":0,"menu_order":0,"comment_status":"closed","ping_status":"closed","template":"","meta":{"ngg_post_thumbnail":0,"_themeisle_gutenberg_block_has_review":false,"footnotes":""},"class_list":["post-358","page","type-page","status-publish","hentry"],"_links":{"self":[{"href":"http:\/\/agervaenget.dk\/index.php\/wp-json\/wp\/v2\/pages\/358"}],"collection":[{"href":"http:\/\/agervaenget.dk\/index.php\/wp-json\/wp\/v2\/pages"}],"about":[{"href":"http:\/\/agervaenget.dk\/index.php\/wp-json\/wp\/v2\/types\/page"}],"author":[{"embeddable":true,"href":"http:\/\/agervaenget.dk\/index.php\/wp-json\/wp\/v2\/users\/3"}],"replies":[{"embeddable":true,"href":"http:\/\/agervaenget.dk\/index.php\/wp-json\/wp\/v2\/comments?post=358"}],"version-history":[{"count":7,"href":"http:\/\/agervaenget.dk\/index.php\/wp-json\/wp\/v2\/pages\/358\/revisions"}],"predecessor-version":[{"id":949,"href":"http:\/\/agervaenget.dk\/index.php\/wp-json\/wp\/v2\/pages\/358\/revisions\/949"}],"wp:attachment":[{"href":"http:\/\/agervaenget.dk\/index.php\/wp-json\/wp\/v2\/media?parent=358"}],"curies":[{"name":"wp","href":"https:\/\/api.w.org\/{rel}","templated":true}]}}