{"id":362,"date":"2025-12-25T11:58:13","date_gmt":"2025-12-25T11:58:13","guid":{"rendered":"http:\/\/agervaenget.dk\/?page_id=362"},"modified":"2026-02-26T14:36:46","modified_gmt":"2026-02-26T14:36:46","slug":"budget","status":"publish","type":"page","link":"http:\/\/agervaenget.dk\/index.php\/budget\/","title":{"rendered":"Regnskab &#038; budget"},"content":{"rendered":"\n<p><\/p>\n\n\n\n<p><mark style=\"background-color:rgba(0, 0, 0, 0);color:#000000\" class=\"has-inline-color\">Grundejerforeningens regnskabsperiode f\u00f8lger kalender\u00e5ret.<\/mark><\/p>\n\n\n\n<p><mark style=\"background-color:rgba(0, 0, 0, 0);color:#000000\" class=\"has-inline-color\">Regnskabet&nbsp;udarbejdes af kassereren, hvert \u00e5r, efter periodens udl\u00f8b. Ved slutningen af \u00e5ret overgives det til foreningens revisor, der verificerer d\u00e9t. <\/mark><br><mark style=\"background-color:rgba(0, 0, 0, 0);color:#000000\" class=\"has-inline-color\">Det reviderede regnskab freml\u00e6gges til godkendelse ved den f\u00f8rstkommende generalforsamling, <\/mark><mark style=\"background-color:rgba(0, 0, 0, 0);color:#000000\" class=\"has-inline-color\">sammen med det, af bestyrelsen, udarbejdede budget, som forel\u00e6gges til orientering.<\/mark><\/p>\n\n\n\n<p><mark style=\"background-color:rgba(0, 0, 0, 0);color:#000000\" class=\"has-inline-color\">Grundejerforeningens kasserer samt formand har adgang til foreningens konti, via netbank, og transaktioner foretages udelukkende via netbank, <strong>da foreningen&nbsp;ingen&nbsp;kontant kassebeholdning eller kontokort har<\/strong>.<\/mark><\/p>\n\n\n\n<div class=\"wp-block-columns is-layout-flex wp-container-core-columns-is-layout-1 wp-block-columns-is-layout-flex\">\n<div class=\"wp-block-column is-layout-flow wp-block-column-is-layout-flow\">\n<figure class=\"wp-block-image size-full is-resized\"><img decoding=\"async\" src=\"http:\/\/agervaenget.dk\/wp-content\/uploads\/2026\/02\/accounting-clipart-md.png\" alt=\"\" class=\"wp-image-869\" style=\"width:327px;height:auto\"\/><\/figure>\n<\/div>\n\n\n\n<div class=\"wp-block-column is-layout-flow wp-block-column-is-layout-flow\">\n<p><strong><mark style=\"background-color:rgba(0, 0, 0, 0);color:#000000\" class=\"has-inline-color\">S\u00e6rlige aktiviteter<\/mark><\/strong><\/p>\n\n\n\n<p><mark style=\"background-color:rgba(0, 0, 0, 0);color:#000000\" class=\"has-inline-color\">S\u00e5fremt grundejerforeningen iv\u00e6rks\u00e6tter ekstraordin\u00e6re aktiviteter, der v\u00e6sentligt p\u00e5virker foreningens \u00f8konomi &#8211; ud over det i forvejen forelagte budget eller p\u00e5 baggrund af fremlagte st\u00f8rre projekter &#8211; vil dette blive meddelt grundejerne via (elektronisk) post. Pt. findes der ikke nogen af disse.<\/mark><\/p>\n\n\n\n<p><mark style=\"background-color:rgba(0, 0, 0, 0);color:#000000\" class=\"has-inline-color\"><strong>Tilgang til regnskaber og bugetter<\/strong><\/mark><\/p>\n\n\n\n<p><mark style=\"background-color:rgba(0, 0, 0, 0);color:#000000\" class=\"has-inline-color\">Ved \u00f8nsket om tilgang til specifikke regnskaber og\/eller budgetter, bedes sende en e-mail til bestyrelsen og adressere den til kassereren, som derfra kan v\u00e6re behj\u00e6lpelig. <\/mark><\/p>\n<\/div>\n<\/div>\n","protected":false},"excerpt":{"rendered":"<p>Grundejerforeningens regnskabsperiode f\u00f8lger kalender\u00e5ret. Regnskabet&nbsp;udarbejdes af kassereren, hvert \u00e5r, efter periodens udl\u00f8b. Ved slutningen af \u00e5ret overgives det til foreningens revisor, der verificerer d\u00e9t. Det reviderede regnskab freml\u00e6gges til godkendelse ved den f\u00f8rstkommende generalforsamling, sammen med det, af bestyrelsen, udarbejdede budget, som forel\u00e6gges til orientering. Grundejerforeningens kasserer samt formand har adgang til foreningens konti, via [&hellip;]<\/p>\n","protected":false},"author":3,"featured_media":0,"parent":0,"menu_order":0,"comment_status":"closed","ping_status":"closed","template":"","meta":{"ngg_post_thumbnail":0,"_themeisle_gutenberg_block_has_review":false,"footnotes":""},"class_list":["post-362","page","type-page","status-publish","hentry"],"_links":{"self":[{"href":"http:\/\/agervaenget.dk\/index.php\/wp-json\/wp\/v2\/pages\/362"}],"collection":[{"href":"http:\/\/agervaenget.dk\/index.php\/wp-json\/wp\/v2\/pages"}],"about":[{"href":"http:\/\/agervaenget.dk\/index.php\/wp-json\/wp\/v2\/types\/page"}],"author":[{"embeddable":true,"href":"http:\/\/agervaenget.dk\/index.php\/wp-json\/wp\/v2\/users\/3"}],"replies":[{"embeddable":true,"href":"http:\/\/agervaenget.dk\/index.php\/wp-json\/wp\/v2\/comments?post=362"}],"version-history":[{"count":8,"href":"http:\/\/agervaenget.dk\/index.php\/wp-json\/wp\/v2\/pages\/362\/revisions"}],"predecessor-version":[{"id":1015,"href":"http:\/\/agervaenget.dk\/index.php\/wp-json\/wp\/v2\/pages\/362\/revisions\/1015"}],"wp:attachment":[{"href":"http:\/\/agervaenget.dk\/index.php\/wp-json\/wp\/v2\/media?parent=362"}],"curies":[{"name":"wp","href":"https:\/\/api.w.org\/{rel}","templated":true}]}}