{"id":645,"date":"2026-02-01T09:29:45","date_gmt":"2026-02-01T09:29:45","guid":{"rendered":"http:\/\/agervaenget.dk\/?page_id=645"},"modified":"2026-02-19T10:09:29","modified_gmt":"2026-02-19T10:09:29","slug":"lokalomraade","status":"publish","type":"page","link":"http:\/\/agervaenget.dk\/index.php\/lokalomraade\/","title":{"rendered":"Lokalomr\u00e5de"},"content":{"rendered":"\n<div class=\"wp-block-columns is-layout-flex wp-container-core-columns-is-layout-1 wp-block-columns-is-layout-flex\">\n<div class=\"wp-block-column is-layout-flow wp-block-column-is-layout-flow\" style=\"flex-basis:66.66%\">\n<figure class=\"wp-block-image size-full is-resized\"><img loading=\"lazy\" decoding=\"async\" width=\"2000\" height=\"1333\" src=\"http:\/\/agervaenget.dk\/wp-content\/uploads\/2026\/02\/Luftfoto-over-Regstrup-til-lokalomraade.jpg\" alt=\"\" class=\"wp-image-801\" style=\"width:556px;height:auto\" srcset=\"http:\/\/agervaenget.dk\/wp-content\/uploads\/2026\/02\/Luftfoto-over-Regstrup-til-lokalomraade.jpg 2000w, http:\/\/agervaenget.dk\/wp-content\/uploads\/2026\/02\/Luftfoto-over-Regstrup-til-lokalomraade-300x200.jpg 300w, http:\/\/agervaenget.dk\/wp-content\/uploads\/2026\/02\/Luftfoto-over-Regstrup-til-lokalomraade-1024x682.jpg 1024w, http:\/\/agervaenget.dk\/wp-content\/uploads\/2026\/02\/Luftfoto-over-Regstrup-til-lokalomraade-768x512.jpg 768w, http:\/\/agervaenget.dk\/wp-content\/uploads\/2026\/02\/Luftfoto-over-Regstrup-til-lokalomraade-1536x1024.jpg 1536w\" sizes=\"(max-width: 2000px) 100vw, 2000px\" \/><\/figure>\n<\/div>\n\n\n\n<div class=\"wp-block-column is-layout-flow wp-block-column-is-layout-flow\" style=\"flex-basis:33.33%\">\n<p><mark style=\"background-color:rgba(0, 0, 0, 0);color:#000000\" class=\"has-inline-color\">Bynavn:               <a href=\"https:\/\/holbaek.dk\/dit-lokalomraade\/de-18-lokalomraader\/regstrup\">Regstrup<\/a><br><br>Postnummer:     4420 <br><br>Bytype:               Stationsby <br><br>Kommune:          <a href=\"https:\/\/holbaek.dk\/\">Holb\u00e6k<\/a> <br><br>Region:                <a href=\"https:\/\/da.wikipedia.org\/wiki\/Nordvestsj%C3%A6lland\">Nordvestsj\u00e6lland<\/a> <br><br>Indbyggere:         1.643 (pr. 2025)<br><br>Sogn:                   <a href=\"https:\/\/nj-k.dk\/\">N\u00f8rre Jernl\u00f8se<\/a><\/mark><\/p>\n<\/div>\n<\/div>\n\n\n\n<p class=\"has-black-color has-text-color has-link-color wp-elements-1e57b348d5eada1d38f476e7d8aac559\"><mark style=\"background-color:rgba(0, 0, 0, 0);color:#000000\" class=\"has-inline-color\"><sup>Foto: Niels Boye Larsen, 2025 &#8211; Agerv\u00e6nget og Agerg\u00e5rdsvej ses forrest p\u00e5 billedet.<\/sup><\/mark><br><br><strong>Byen<\/strong><br><br><mark style=\"background-color:rgba(0, 0, 0, 0);color:#000000\" class=\"has-inline-color\">Regstrup\u00a0Stationsby er, gennem de senest mange \u00e5r, vokset sammen med den \u00e6ldre landsby Nr. Jernl\u00f8se. Sammen udg\u00f8r disse to den bym\u00e6ssige kerne med de st\u00f8rste boligomr\u00e5der samt et decideret erhvervsomr\u00e5de, der hedder Virkelyst.\u00a0Den decentrale struktur understreges af, at der &#8211; rundt om byen &#8211; er\u00a0intet mindre end 4 kirker i nabobyerne. Disse ligger i hver deres kirkesogn, og alle er stadig i brug, b\u00e5de i forhold til kirkelige samt \u00f8vrige aktiviteter som for eksempel hyggelige caf\u00e9dage, kreativitet, sang, fastelavn, foredrag o.lign.\u00a0<\/mark><\/p>\n\n\n\n<p><strong><mark style=\"background-color:rgba(0, 0, 0, 0);color:#000000\" class=\"has-inline-color\">Infrastruktur<\/mark><\/strong><\/p>\n\n\n\n<p class=\"has-black-color has-text-color has-link-color wp-elements-6d20a6512fe1e0f4bf10f8fc8bbb4350\">Overvejer du\/I at flytte til Regstrup, er her rig mulighed for at f\u00e5 hverdagen til at <em>k\u00f8re p\u00e5 skinner<\/em>.<br>Den lokale station, hvorfra der afg\u00e5r b\u00e5de tog og bus, har gratis parkeringspladser, cykelparkering samt handicapparkering og er beliggende p\u00e5 Hovedgaden. Nordvestbanen, som den hedder, str\u00e6kker sig fra Kalundborg (30-40 minutters rejsetid) til Roskilde (30 minutters rejsetid). Fra Regstrup St. tager det kun 6 min. om at komme med toget til Holb\u00e6k St., n\u00e5r toget k\u00f8rer planm\u00e6ssigt. <br>Bus 530 k\u00f8rer fra Holb\u00e6k St. &#8211; T\u00f8ll\u00f8se St., og den er ca. 11 min. om at komme fra Regstrup St. til Holb\u00e6k St. <br><br>Der er en overskuelig afstand fra Regstrup til b\u00e5de Holb\u00e6kmotorvejen, Rute 21, Odsherredvejen samt Kalundborg-motorvejen. Byer, som bl.a. T\u00f8ll\u00f8se, Gislinge og Vipper\u00f8d, ligger heller ikke l\u00e6ngere v\u00e6k end ca. 15 minutters k\u00f8rsel i bil. Desuden er der kun 8-10 km til Holb\u00e6k, hvor der er et rigt by- og foreningsliv. <br>Den gode infrastruktur i fht. stisystemer, offentlig transport samt vejnettet, g\u00f8r det alts\u00e5 nemt at komme til og fra Regstrup, b\u00e5de for familier, enlige, studerende og pendlere.<\/p>\n\n\n\n<p class=\"has-black-color has-text-color has-link-color wp-elements-5c7827adabcdad0305be63ac0e263971\"><strong>Institutioner<\/strong><\/p>\n\n\n\n<p class=\"has-black-color has-text-color has-link-color wp-elements-d16c371e931986ff306e299b53172fda\">Vi har et st\u00f8rre udvalg af skoler, b\u00f8rnehaver og institutioner b\u00e5de her i byen og i nabobyerne. <br><a href=\"https:\/\/lykkegardskolen.dk\/\"><mark style=\"background-color:rgba(0, 0, 0, 0)\" class=\"has-inline-color has-contrast-color\">M\u00f8llebakken \/ den tidl. Lykkegaardsskolen<\/mark><\/a> er et skole- og dagbehandlingstilbud for b\u00f8rn og unge, med behov for en mere helhedsorienteret behandlings- og undervisningsindsats. <br>Derudover er der <a href=\"https:\/\/knus.holbaek.dk\/vores-skoler\/nr-jernloese-skole\"><mark style=\"background-color:rgba(0, 0, 0, 0)\" class=\"has-inline-color has-contrast-color\">Skovvejens Skole<\/mark><\/a><mark style=\"background-color:rgba(0, 0, 0, 0)\" class=\"has-inline-color has-contrast-color\">, <a href=\"https:\/\/www.sj-lilleskole.dk\/\">Sdr. Jernl\u00f8se Lilleskole, SFO og b\u00f8rnehus<\/a>, <\/mark><a href=\"https:\/\/dagtilbudkildedam.holbaek.dk\/boernehuse-og-dagplejen\/nr-jernloese-boernehus\"><mark style=\"background-color:rgba(0, 0, 0, 0)\" class=\"has-inline-color has-contrast-color\">Nr. Jernl\u00f8se B\u00f8rnehus<\/mark><\/a><mark style=\"background-color:rgba(0, 0, 0, 0)\" class=\"has-inline-color has-contrast-color\">, <\/mark><a href=\"https:\/\/dagtilbudkildedam.holbaek.dk\/boernehuse-og-dagplejen\/boernehuset-spirrekassen\"><mark style=\"background-color:rgba(0, 0, 0, 0)\" class=\"has-inline-color has-contrast-color\">B\u00f8rnehuset Spirekassen<\/mark><\/a>, fritidsklubben <a href=\"https:\/\/knus.holbaek.dk\/vores-sfo\/nr-jernloese-sfo\"><mark style=\"background-color:rgba(0, 0, 0, 0)\" class=\"has-inline-color has-contrast-color\">Nr. Jernl\u00f8se SFO<\/mark><\/a> samt diverse dagplejere (<a href=\"https:\/\/dagtilbudkildedam.holbaek.dk\/boernehuse-og-dagplejen\/dagplejen-kildedam\/mit-dagplejehjem\/omraade-regstrup\"><mark style=\"background-color:rgba(0, 0, 0, 0)\" class=\"has-inline-color has-contrast-color\">kommunale<\/mark><\/a> s\u00e5vel som <a href=\"https:\/\/holbaek.dk\/service-og-selvbetjening\/boern-unge-og-uddannelse\/dagtilbud-og-skoler\/dagtilbud\/private-daginstitutioner-og-pasningsordninger\/private-pasningsordninger\"><mark style=\"background-color:rgba(0, 0, 0, 0)\" class=\"has-inline-color has-contrast-color\">private<\/mark><\/a>) her i 4420.<\/p>\n\n\n\n<p class=\"has-black-color has-text-color has-link-color wp-elements-be2b6e7cb25d09178179b0c543d706af\"><strong>Kultur og forening<\/strong><\/p>\n\n\n\n<p class=\"has-black-color has-text-color has-link-color wp-elements-280db85a5b4d888eeefb2149dc8549e2\">Regstrup\/Nr. Jernl\u00f8se kan bryste sig af et rigt foreningsliv, her n\u00e6vnt s\u00e5 mange som muligt:<br> <br>I <a href=\"https:\/\/minidraet.dgi.dk\/spillested\/00086703\"><mark style=\"background-color:rgba(0, 0, 0, 0)\" class=\"has-inline-color has-contrast-color\">Nr. Jernl\u00f8se Hallen<\/mark><\/a> kan du g\u00e5 til alverdens motion og (hold)tr\u00e6ning. <br>&#8220;<a href=\"https:\/\/www.hrspejderne.dk\/\"><mark style=\"background-color:rgba(0, 0, 0, 0)\" class=\"has-inline-color has-contrast-color\">Regstrupspejderne<\/mark><\/a>&#8221; holder til i deres helt egen spejderhytte, som ogs\u00e5 kan lejes til private arrangementer. <br><a href=\"https:\/\/www.jernloesegymnastik.dk\/\">Jernl\u00f8se Gymnastikforening<\/a> er en popul\u00e6r forening for b\u00e5de b\u00f8rn, unge og voksne. <br><a href=\"https:\/\/tusecreekranch.dk\/\">Tuse Creek Ranch<\/a> har hestetr\u00e6ning, til dig der ikke kan f\u00e5 nok af de smukke dyr. <br>&#8220;<a href=\"https:\/\/loppeguide.dk\/markeder\/sttten\">St\u00f8tten<\/a>&#8220;, det lokale loppemarkedsomr\u00e5de, arrangerer loppemarkeder. <br>Foreningen &#8220;<a href=\"http:\/\/flagalle4420regstrup.dk\/om-os\/\"><mark style=\"background-color:rgba(0, 0, 0, 0)\" class=\"has-inline-color has-contrast-color\">Flagalle4420Regstrup<\/mark><\/a>&#8221; s\u00f8rger for at s\u00e6tte flag op i byen p\u00e5 helligdage og ved h\u00f8jtideligheder.  <br>&#8220;<a href=\"https:\/\/jernloese.lions.dk\/\"><mark style=\"background-color:rgba(0, 0, 0, 0)\" class=\"has-inline-color has-contrast-color\">Lions Jernl\u00f8se<\/mark>&#8220;<\/a> m\u00f8des i deres hus p\u00e5 Hovedgaden, som ogs\u00e5 lejes ud til private arrangementer. <br><a href=\"https:\/\/www.nrjernlosemolle.dk\/\"><mark style=\"background-color:rgba(0, 0, 0, 0)\" class=\"has-inline-color has-contrast-color\">Nr. Jernl\u00f8se M\u00f8lle<\/mark><\/a> st\u00e5r med sin pragt og troner p\u00e5 M\u00f8llebakken, hvorfra der er en fantastisk udsigt over byen.<br><a href=\"https:\/\/makvaerket.org\/\">Kunstcenter Makv\u00e4rket<\/a> er et selvorganiseret og frivilligt f\u00e6llesskab, der arbejder kontinuerligt p\u00e5, b\u00e5de praktisk og teoretisk, at skabe og udvikle den gamle keramikfabrik i Knabstrup, til et centrum for kultur, b\u00e6redygtighed og \u00f8kologi.\u00a0<\/p>\n\n\n\n<p><strong><mark style=\"background-color:rgba(0, 0, 0, 0);color:#000000\" class=\"has-inline-color\">Natur<\/mark><\/strong><\/p>\n\n\n\n<p class=\"has-black-color has-text-color has-link-color wp-elements-53a40f6f77f9bfde1deab32cc189f150\">Kildeskoven, Kohave Skov samt L\u00f8venborg Skov ligger sm\u00e5 2 km v\u00e6k og er nem enten at g\u00e5 eller cykle til. Den lokale bakke, p\u00e5 N\u00f8rupvej, er et stort tr\u00e6kplaster om vinteren, hvor b\u00f8rn og unge k\u00e6lker, og boltrer sig. <br>L\u00f8venborg Slotspark st\u00e5r flot i flor i de varmere m\u00e5neder, hvor porten ogs\u00e5 er \u00e5ben for offentligheden. <br>P\u00e5 den anden side af Kalundborg Motorvejen og Sdr. Jernl\u00f8se, ligger vandreomr\u00e5det Spor Blanks\u00f8g\u00e5rd. <br><br><strong>Sundhed<\/strong><br><br>Byen har sit eget Sundhedshus.<br>H\u00e9r kan du g\u00e5 til (genop)tr\u00e6ning og behandling hos <a href=\"https:\/\/www.protreatment.dk\/klinikker\/?region=16&amp;treatment=1626\"><mark style=\"background-color:rgba(0, 0, 0, 0)\" class=\"has-inline-color has-contrast-color\">Protreatment<\/mark><\/a>, som ogs\u00e5 har deres eget motionscenter. <br>Du kan f\u00e5 ordnet dine f\u00f8dder hos <a href=\"https:\/\/fodengen.dk\/\"><mark style=\"background-color:rgba(0, 0, 0, 0)\" class=\"has-inline-color has-contrast-color\">Klinik for fodterapi<\/mark><\/a> eller f\u00e5 forskellige former for behandlinger og spirituelt arbejde, som kan skabe bedre balance i krop, sind og sj\u00e6l hos <a href=\"https:\/\/www.body-life.dk\/\"><mark style=\"background-color:rgba(0, 0, 0, 0)\" class=\"has-inline-color has-contrast-color\">Body-Life<\/mark><\/a>. <br><br>Hjemmeplejen har til huse p\u00e5 samme adresse som <a href=\"https:\/\/holbaek.dk\/service-og-selvbetjening\/aeldre-og-pensionister\/boliger-og-centre\/aeldre-og-plejeboliger\/aeldreboliger\"><mark style=\"background-color:rgba(0, 0, 0, 0)\" class=\"has-inline-color has-contrast-color\">Plejehjemmet \u00c5haven<\/mark><\/a>, hvor byens \u00e6ldre\/de som ikke kan klare hverdagen selv, bor. P\u00e5 &#8220;Hjemmet&#8221; som det hedder i folkemunde, er desuden et rigt aktivitetsliv, hvor der ofte arrangeres bl.a. f\u00e6llesspisning, musik og dans, kreative stunder og generelt socialt samv\u00e6r m.m. <br><br><strong>Forretningsliv<\/strong> <strong>og virksomheder<\/strong><\/p>\n\n\n\n<p class=\"has-black-color has-text-color has-link-color wp-elements-95cf44c98be0b934b7826f1077eb3eac\">Selvom Regstrup ikke har mange fysiske butikker, er h\u00e9r alligevel et relativt rigt forretningsliv, nogle mere fysisk synlige end andre. Man kan bl.a. finde:<\/p>\n\n\n\n<p class=\"has-black-color has-text-color has-link-color wp-elements-04e0ebc6ae9f871d99f0c8a0985ed0c2\"><a href=\"https:\/\/brugsen.coop.dk\/find-butik\/brugsen-nr-jernloese\/4365\/\"><mark style=\"background-color:rgba(0, 0, 0, 0)\" class=\"has-inline-color has-contrast-color\">Dagli&#8217; Brugsen<\/mark><\/a>, <br>Et ubemandet OK-tankanl\u00e6g <br><a href=\"https:\/\/www.rodekors.dk\/afdelinger\/jernloese\"><mark style=\"background-color:rgba(0, 0, 0, 0)\" class=\"has-inline-color has-contrast-color\">R\u00f8de Kors<\/mark><\/a> butik &#8211; salg af alverdens genbrug. <br>Queen Pizzeria <br><a href=\"https:\/\/regstruppizza.dk\/menu\/\"><mark style=\"background-color:rgba(0, 0, 0, 0)\" class=\"has-inline-color has-contrast-color\">Regstrup k\u00f8bmand, pizza- og grillbar<\/mark><\/a><mark style=\"background-color:rgba(0, 0, 0, 0)\" class=\"has-inline-color has-contrast-color\"> <\/mark><br><a href=\"https:\/\/nj-dyreklinik.dk\/\"><mark style=\"background-color:rgba(0, 0, 0, 0)\" class=\"has-inline-color has-contrast-color\">Dyrl\u00e6geklinik <\/mark><\/a><br><a href=\"https:\/\/jshundepleje.onlinebooq.dk\/\"><mark style=\"background-color:rgba(0, 0, 0, 0)\" class=\"has-inline-color has-contrast-color\">Hundeplejer<\/mark><\/a><br><a href=\"https:\/\/www.xn--salonfrslev-mgb.dk\/\"><mark style=\"background-color:rgba(0, 0, 0, 0)\" class=\"has-inline-color has-contrast-color\">Salon Fr\u00f8slev<\/mark><\/a> (fris\u00f8r)<br>Solcenter (ved siden af fris\u00f8ren)<br><a href=\"https:\/\/www.facebook.com\/p\/Uglekroen-Bar-og-krostue-100077639714103\/\"><mark style=\"background-color:rgba(0, 0, 0, 0)\" class=\"has-inline-color has-contrast-color\">Uglekroen<\/mark><\/a> byder p\u00e5 friske drikke, spillemaskiner, billard mv., \u00e5ret rundt.<br><a href=\"https:\/\/www.regstrupnyauto.dk\/\"><mark style=\"background-color:rgba(0, 0, 0, 0)\" class=\"has-inline-color has-contrast-color\">Regstrup Ny Auto<\/mark><\/a>, tilbyder autoreparation og vedligeholdelse og service af de fleste bilm\u00e6rker. <br><a href=\"https:\/\/www.vommevad.dk\/\"><mark style=\"background-color:rgba(0, 0, 0, 0)\" class=\"has-inline-color has-contrast-color\">Vommevad Forsamlingshus<\/mark><\/a> &#8211; tilbyder catering, leje af selskabslokaler og madvogne. <br><a href=\"https:\/\/lundegaarden.com\/\">Lundegaarden Bed &amp; Breakfast<\/a> har plads til overnattende g\u00e6ster, p\u00e5 deres hyggelige g\u00e5rdsted, som har v\u00e6ret ejet og drevet af den samme familie henover mange generationer, siden 1821.  <br><a href=\"https:\/\/www.fors.dk\/affald\/genbrugspladser\/\">Jernl\u00f8se Genbrugsplads<\/a> &#8211; en selvbetjent genbrugsstation, beliggende i industriomr\u00e5det Virkelyst. <br><br>Herudover huserer flere sk\u00f8nheds- og negleklinikker, forskellige slags behandlere og terapeuter samt et alsidigt udvalg af private virksomheder i byen. Af private firmaer kan n\u00e6vnes; udlejning af festudstyr, catering, transport- og maskinfirmaer, IT- og konsulentbistand, h\u00e5ndv\u00e6rkere, hundeopdr\u00e6t mv.. <\/p>\n\n\n\n<p class=\"has-black-color has-text-color has-link-color wp-elements-3172874c6078a896f49bbfd16752fe21\"><strong>Sociale Medier<\/strong><br><br>I gruppen &#8220;Os fra 4420 Regstrup&#8221;, p\u00e5 Facebook, kan man skrive om stort og sm\u00e5t, sp\u00f8rge hinanden til r\u00e5ds, tilbyde sin hj\u00e6lp o.lign. <br>Yderligere findes ogs\u00e5 gruppen &#8220;Regstrup Vandv\u00e6rk Infomations Side&#8221;, hvor der orienteres om nedbrud, projekter m.m. <br>&#8220;Lokalforum Regstrup og Omegn&#8221; har fokus p\u00e5 de mere politiske og milj\u00f8m\u00e6ssige tiltag i og omkring omr\u00e5det. De har mange forskellige typer arrangementer i l\u00f8bet af \u00e5ret. <br>Disse grupper anbefaler vi at man tilmelder sig ved tilflytning, hvis man er p\u00e5 Facebook. Her er mange gode informationer samt inspiration at hente. <br>Skulle man v\u00e6re interesseret i det historiske findes desuden gruppen &#8220;Gamle billeder og historier fra Regstrup \/ Jernl\u00f8se &#8211; Kvanl\u00f8se&#8221;. <\/p>\n\n\n\n<p class=\"has-black-color has-text-color has-link-color wp-elements-9ac00cf961d1ea846fe5a532228b76c6\"><\/p>\n\n\n\n<p class=\"has-black-color has-text-color has-link-color wp-elements-9ac00cf961d1ea846fe5a532228b76c6\"><\/p>\n","protected":false},"excerpt":{"rendered":"<p>Bynavn: Regstrup Postnummer: 4420 Bytype: Stationsby Kommune: Holb\u00e6k Region: Nordvestsj\u00e6lland Indbyggere: 1.643 (pr. 2025) Sogn: N\u00f8rre Jernl\u00f8se Foto: Niels Boye Larsen, 2025 &#8211; Agerv\u00e6nget og Agerg\u00e5rdsvej ses forrest p\u00e5 billedet. Byen Regstrup\u00a0Stationsby er, gennem de senest mange \u00e5r, vokset sammen med den \u00e6ldre landsby Nr. Jernl\u00f8se. Sammen udg\u00f8r disse to den bym\u00e6ssige kerne med de [&hellip;]<\/p>\n","protected":false},"author":3,"featured_media":0,"parent":0,"menu_order":0,"comment_status":"closed","ping_status":"closed","template":"","meta":{"ngg_post_thumbnail":0,"_themeisle_gutenberg_block_has_review":false,"footnotes":""},"class_list":["post-645","page","type-page","status-publish","hentry"],"_links":{"self":[{"href":"http:\/\/agervaenget.dk\/index.php\/wp-json\/wp\/v2\/pages\/645"}],"collection":[{"href":"http:\/\/agervaenget.dk\/index.php\/wp-json\/wp\/v2\/pages"}],"about":[{"href":"http:\/\/agervaenget.dk\/index.php\/wp-json\/wp\/v2\/types\/page"}],"author":[{"embeddable":true,"href":"http:\/\/agervaenget.dk\/index.php\/wp-json\/wp\/v2\/users\/3"}],"replies":[{"embeddable":true,"href":"http:\/\/agervaenget.dk\/index.php\/wp-json\/wp\/v2\/comments?post=645"}],"version-history":[{"count":17,"href":"http:\/\/agervaenget.dk\/index.php\/wp-json\/wp\/v2\/pages\/645\/revisions"}],"predecessor-version":[{"id":967,"href":"http:\/\/agervaenget.dk\/index.php\/wp-json\/wp\/v2\/pages\/645\/revisions\/967"}],"wp:attachment":[{"href":"http:\/\/agervaenget.dk\/index.php\/wp-json\/wp\/v2\/media?parent=645"}],"curies":[{"name":"wp","href":"https:\/\/api.w.org\/{rel}","templated":true}]}}