{"id":827,"date":"2026-02-12T17:12:51","date_gmt":"2026-02-12T17:12:51","guid":{"rendered":"http:\/\/agervaenget.dk\/?page_id=827"},"modified":"2026-02-26T09:04:27","modified_gmt":"2026-02-26T09:04:27","slug":"vedligehold-2","status":"publish","type":"page","link":"http:\/\/agervaenget.dk\/index.php\/vedligehold-2\/","title":{"rendered":"Vedligehold"},"content":{"rendered":"\n<p class=\"has-black-color has-text-color has-link-color wp-elements-9ac00cf961d1ea846fe5a532228b76c6\"><\/p>\n\n\n\n<div id=\"wp-block-themeisle-blocks-advanced-columns-915e5049\" class=\"wp-block-themeisle-blocks-advanced-columns has-1-columns has-desktop-equal-layout has-tablet-equal-layout has-mobile-equal-layout has-vertical-unset\"><div class=\"wp-block-themeisle-blocks-advanced-columns-overlay\"><\/div><div class=\"innerblocks-wrap\">\n<div id=\"wp-block-themeisle-blocks-advanced-column-0ebb91f1\" class=\"wp-block-themeisle-blocks-advanced-column\">\n<div class=\"wp-block-columns is-layout-flex wp-container-core-columns-is-layout-1 wp-block-columns-is-layout-flex\">\n<div class=\"wp-block-column is-layout-flow wp-block-column-is-layout-flow\">\n<p><mark style=\"background-color:rgba(0, 0, 0, 0);color:#000000\" class=\"has-inline-color\">Enhver grundejer har, jf. deklarationen, pligt til at vedligeholde omr\u00e5det omkring egen parcel\/grund. <\/mark><br><\/p>\n\n\n\n<div id=\"wp-block-themeisle-blocks-advanced-columns-9332cae2\" class=\"wp-block-themeisle-blocks-advanced-columns has-2-columns has-desktop-oneTwo-layout has-tablet-equal-layout has-mobile-collapsedRows-layout has-vertical-unset\"><div class=\"wp-block-themeisle-blocks-advanced-columns-overlay\"><\/div><div class=\"innerblocks-wrap\">\n<div id=\"wp-block-themeisle-blocks-advanced-column-e3f8275a\" class=\"wp-block-themeisle-blocks-advanced-column\">\n<figure class=\"wp-block-image size-large is-resized\"><img loading=\"lazy\" decoding=\"async\" width=\"768\" height=\"1024\" src=\"http:\/\/agervaenget.dk\/wp-content\/uploads\/2026\/02\/IMG_20210627_123548-edited-1-768x1024.jpg\" alt=\"Vedligehold\" class=\"wp-image-885\" style=\"width:297px;height:auto\" srcset=\"http:\/\/agervaenget.dk\/wp-content\/uploads\/2026\/02\/IMG_20210627_123548-edited-1-768x1024.jpg 768w, http:\/\/agervaenget.dk\/wp-content\/uploads\/2026\/02\/IMG_20210627_123548-edited-1-225x300.jpg 225w, http:\/\/agervaenget.dk\/wp-content\/uploads\/2026\/02\/IMG_20210627_123548-edited-1-1152x1536.jpg 1152w, http:\/\/agervaenget.dk\/wp-content\/uploads\/2026\/02\/IMG_20210627_123548-edited-1.jpg 1190w\" sizes=\"(max-width: 768px) 100vw, 768px\" \/><\/figure>\n<\/div>\n\n\n\n<div id=\"wp-block-themeisle-blocks-advanced-column-acc5b330\" class=\"wp-block-themeisle-blocks-advanced-column\">\n<p><mark style=\"background-color:rgba(0, 0, 0, 0);color:#000000\" class=\"has-inline-color\">Under vedligehold h\u00f8rer bl.a.:<br>   &#8211; Fjernelse af ukrudt ved kantsten og p\u00e5 fortov. <br>   &#8211; Klipning\/besk\u00e6ring af h\u00e6k og tr\u00e6er ud mod fortov, sti og vej, <br>      s\u00e5ledes at der er passage for fodg\u00e6ngere.<br><br>   Desuden tilstr\u00e6bes en passende ensartethed og der opfodres til at<br>   man overholder hegnsloven, da det kan blive en omst\u00e6ndig, kedelig   <\/mark><br> <mark style=\"background-color:rgba(0, 0, 0, 0);color:#000000\" class=\"has-inline-color\">og bekostelig aff\u00e6re imellem enhver grundejer og dennes nabo. <br><br>   Det tilsigtes desuden at man holder sig til et arkitektonisk tiltalende <br>   pr\u00e6g, af en vis ensartethed, i forbindelse med renovering af hus. <br><br>   Se <\/mark><a href=\"http:\/\/agervaenget.dk\/index.php\/dokument-database\/\" data-type=\"page\" data-id=\"366\"><mark style=\"background-color:rgba(0, 0, 0, 0)\" class=\"has-inline-color has-contrast-color\">deklarationen og forvaltningsbestemmelserne<\/mark><\/a><mark style=\"background-color:rgba(0, 0, 0, 0);color:#000000\" class=\"has-inline-color\"> heraf for yderligere.<\/mark><\/p>\n<\/div>\n<\/div><\/div>\n<\/div>\n<\/div>\n<\/div>\n<\/div><\/div>\n\n\n\n<p class=\"has-black-color has-text-color has-link-color wp-elements-8b5795740033469d32966b44c082d4ed\">6. Ren- og vedligeholdelse<\/p>\n\n\n\n<figure class=\"wp-block-image size-large\"><img loading=\"lazy\" decoding=\"async\" width=\"1024\" height=\"285\" src=\"http:\/\/agervaenget.dk\/wp-content\/uploads\/2026\/02\/Ren-og-vedligeholdelse-1024x285.png\" alt=\"\" class=\"wp-image-986\" srcset=\"http:\/\/agervaenget.dk\/wp-content\/uploads\/2026\/02\/Ren-og-vedligeholdelse-1024x285.png 1024w, http:\/\/agervaenget.dk\/wp-content\/uploads\/2026\/02\/Ren-og-vedligeholdelse-300x83.png 300w, http:\/\/agervaenget.dk\/wp-content\/uploads\/2026\/02\/Ren-og-vedligeholdelse-768x214.png 768w, http:\/\/agervaenget.dk\/wp-content\/uploads\/2026\/02\/Ren-og-vedligeholdelse.png 1057w\" sizes=\"(max-width: 1024px) 100vw, 1024px\" \/><\/figure>\n\n\n\n<p><mark style=\"background-color:rgba(0, 0, 0, 0);color:#000000\" class=\"has-inline-color\">5. Haver, beplantning, hegn<\/mark><\/p>\n\n\n\n<figure class=\"wp-block-image size-large\"><img loading=\"lazy\" decoding=\"async\" width=\"1024\" height=\"473\" src=\"http:\/\/agervaenget.dk\/wp-content\/uploads\/2026\/02\/Haver-beplantning-og-hegn-1024x473.png\" alt=\"\" class=\"wp-image-987\" srcset=\"http:\/\/agervaenget.dk\/wp-content\/uploads\/2026\/02\/Haver-beplantning-og-hegn-1024x473.png 1024w, http:\/\/agervaenget.dk\/wp-content\/uploads\/2026\/02\/Haver-beplantning-og-hegn-300x139.png 300w, http:\/\/agervaenget.dk\/wp-content\/uploads\/2026\/02\/Haver-beplantning-og-hegn-768x355.png 768w, http:\/\/agervaenget.dk\/wp-content\/uploads\/2026\/02\/Haver-beplantning-og-hegn.png 1083w\" sizes=\"(max-width: 1024px) 100vw, 1024px\" \/><\/figure>\n\n\n\n<p><mark style=\"background-color:rgba(0, 0, 0, 0);color:#000000\" class=\"has-inline-color\">9. Bebyggelse<\/mark><\/p>\n\n\n\n<figure class=\"wp-block-image size-large\"><img loading=\"lazy\" decoding=\"async\" width=\"895\" height=\"1024\" src=\"http:\/\/agervaenget.dk\/wp-content\/uploads\/2026\/02\/Dekl.-9-895x1024.jpg\" alt=\"\" class=\"wp-image-886\" srcset=\"http:\/\/agervaenget.dk\/wp-content\/uploads\/2026\/02\/Dekl.-9-895x1024.jpg 895w, http:\/\/agervaenget.dk\/wp-content\/uploads\/2026\/02\/Dekl.-9-262x300.jpg 262w, http:\/\/agervaenget.dk\/wp-content\/uploads\/2026\/02\/Dekl.-9-768x879.jpg 768w, http:\/\/agervaenget.dk\/wp-content\/uploads\/2026\/02\/Dekl.-9.jpg 1115w\" sizes=\"(max-width: 895px) 100vw, 895px\" \/><\/figure>\n\n\n\n<p class=\"has-black-color has-text-color has-link-color wp-elements-9ac00cf961d1ea846fe5a532228b76c6\"><\/p>\n","protected":false},"excerpt":{"rendered":"<p>6. Ren- og vedligeholdelse 5. Haver, beplantning, hegn 9. Bebyggelse<\/p>\n","protected":false},"author":3,"featured_media":0,"parent":0,"menu_order":0,"comment_status":"closed","ping_status":"closed","template":"","meta":{"ngg_post_thumbnail":0,"_themeisle_gutenberg_block_has_review":false,"footnotes":""},"class_list":["post-827","page","type-page","status-publish","hentry"],"_links":{"self":[{"href":"http:\/\/agervaenget.dk\/index.php\/wp-json\/wp\/v2\/pages\/827"}],"collection":[{"href":"http:\/\/agervaenget.dk\/index.php\/wp-json\/wp\/v2\/pages"}],"about":[{"href":"http:\/\/agervaenget.dk\/index.php\/wp-json\/wp\/v2\/types\/page"}],"author":[{"embeddable":true,"href":"http:\/\/agervaenget.dk\/index.php\/wp-json\/wp\/v2\/users\/3"}],"replies":[{"embeddable":true,"href":"http:\/\/agervaenget.dk\/index.php\/wp-json\/wp\/v2\/comments?post=827"}],"version-history":[{"count":6,"href":"http:\/\/agervaenget.dk\/index.php\/wp-json\/wp\/v2\/pages\/827\/revisions"}],"predecessor-version":[{"id":988,"href":"http:\/\/agervaenget.dk\/index.php\/wp-json\/wp\/v2\/pages\/827\/revisions\/988"}],"wp:attachment":[{"href":"http:\/\/agervaenget.dk\/index.php\/wp-json\/wp\/v2\/media?parent=827"}],"curies":[{"name":"wp","href":"https:\/\/api.w.org\/{rel}","templated":true}]}}