{"id":1044,"date":"2026-04-28T13:41:42","date_gmt":"2026-04-28T13:41:42","guid":{"rendered":"https:\/\/agervaenget.dk\/?page_id=1044"},"modified":"2026-04-28T13:57:11","modified_gmt":"2026-04-28T13:57:11","slug":"seneste-nyt","status":"publish","type":"page","link":"https:\/\/agervaenget.dk\/index.php\/seneste-nyt\/","title":{"rendered":"Seneste nyt"},"content":{"rendered":"\n<p><strong><mark style=\"background-color:rgba(0, 0, 0, 0)\" class=\"has-inline-color has-contrast-color\">ASFALTERING AF AGERV\u00c6NGET<\/mark><\/strong><\/p>\n\n\n\n<p class=\"has-text-align-left\">D. 27. maj &#8211; 5. juni 2026 vil Agerv\u00e6nget blive asfalteret. Se mere p\u00e5 billedet nedenfor. <\/p>\n\n\n\n<figure class=\"wp-block-image size-large\"><img loading=\"lazy\" decoding=\"async\" width=\"727\" height=\"1024\" src=\"https:\/\/agervaenget.dk\/wp-content\/uploads\/2026\/04\/Asfaltering-af-veje-727x1024.jpg\" alt=\"\" class=\"wp-image-1053\" srcset=\"https:\/\/agervaenget.dk\/wp-content\/uploads\/2026\/04\/Asfaltering-af-veje-727x1024.jpg 727w, https:\/\/agervaenget.dk\/wp-content\/uploads\/2026\/04\/Asfaltering-af-veje-213x300.jpg 213w, https:\/\/agervaenget.dk\/wp-content\/uploads\/2026\/04\/Asfaltering-af-veje-768x1082.jpg 768w, https:\/\/agervaenget.dk\/wp-content\/uploads\/2026\/04\/Asfaltering-af-veje.jpg 1065w\" sizes=\"(max-width: 727px) 100vw, 727px\" \/><\/figure>\n\n\n\n<p class=\"has-text-align-left\">                                                                                         <em>Opdateret af formanden, april 2026<\/em><\/p>\n\n\n\n<p><strong><mark style=\"background-color:rgba(0, 0, 0, 0)\" class=\"has-inline-color has-contrast-color\">ADMINISTRATION<\/mark><\/strong><\/p>\n\n\n\n<p class=\"has-text-align-left\">Foreningen er ved at overdrage flere administrative opgaver til en ejendomsadministrator, til aflastning for bestyrelsen. Derfor er der, p\u00e5 generalforsamlingen 2026, godkendt kontingentstigning, p\u00e5 400 kr., pr. 1. maj 2027.                                                                                                           <em>Opdateret af formanden, februar 2026<\/em><br>                                                                                                                                             <\/p>\n\n\n\n<p class=\"has-text-align-right\"><br><\/p>\n","protected":false},"excerpt":{"rendered":"<p>ASFALTERING AF AGERV\u00c6NGET D. 27. maj &#8211; 5. juni 2026 vil Agerv\u00e6nget blive asfalteret. Se mere p\u00e5 billedet nedenfor. Opdateret af formanden, april 2026 ADMINISTRATION Foreningen er ved at overdrage flere administrative opgaver til en ejendomsadministrator, til aflastning for bestyrelsen. Derfor er der, p\u00e5 generalforsamlingen 2026, godkendt kontingentstigning, p\u00e5 400 kr., pr. 1. maj 2027. [&hellip;]<\/p>\n","protected":false},"author":3,"featured_media":0,"parent":0,"menu_order":0,"comment_status":"closed","ping_status":"closed","template":"","meta":{"ngg_post_thumbnail":0,"_themeisle_gutenberg_block_has_review":false,"footnotes":""},"class_list":["post-1044","page","type-page","status-publish","hentry"],"_links":{"self":[{"href":"https:\/\/agervaenget.dk\/index.php\/wp-json\/wp\/v2\/pages\/1044"}],"collection":[{"href":"https:\/\/agervaenget.dk\/index.php\/wp-json\/wp\/v2\/pages"}],"about":[{"href":"https:\/\/agervaenget.dk\/index.php\/wp-json\/wp\/v2\/types\/page"}],"author":[{"embeddable":true,"href":"https:\/\/agervaenget.dk\/index.php\/wp-json\/wp\/v2\/users\/3"}],"replies":[{"embeddable":true,"href":"https:\/\/agervaenget.dk\/index.php\/wp-json\/wp\/v2\/comments?post=1044"}],"version-history":[{"count":2,"href":"https:\/\/agervaenget.dk\/index.php\/wp-json\/wp\/v2\/pages\/1044\/revisions"}],"predecessor-version":[{"id":1054,"href":"https:\/\/agervaenget.dk\/index.php\/wp-json\/wp\/v2\/pages\/1044\/revisions\/1054"}],"wp:attachment":[{"href":"https:\/\/agervaenget.dk\/index.php\/wp-json\/wp\/v2\/media?parent=1044"}],"curies":[{"name":"wp","href":"https:\/\/api.w.org\/{rel}","templated":true}]}}